{"id":2893,"date":"2018-12-04T14:21:47","date_gmt":"2018-12-04T14:21:47","guid":{"rendered":"http:\/\/helvetas-ks.org\/demos\/capacity-development\/"},"modified":"2020-01-17T11:02:14","modified_gmt":"2020-01-17T11:02:14","slug":"razvoj-kapaciteta","status":"publish","type":"page","link":"https:\/\/helvetas-ks.org\/demos_two\/sr\/razvoj-kapaciteta\/","title":{"rendered":"Razvoj Kapaciteta"},"content":{"rendered":"<p style=\"font-weight: 400;\">Ovde mo\u017eete pronac\u0301i razli\u010dite publikacije vezane za razvoj kapaciteta op\u0161tinskih zvani\u010dnika<\/p>\n","protected":false},"excerpt":{"rendered":"<p>Ovde mo\u017eete pronac\u0301i razli\u010dite publikacije vezane za razvoj kapaciteta op\u0161tinskih zvani\u010dnika<\/p>\n","protected":false},"author":1,"featured_media":0,"parent":0,"menu_order":3,"comment_status":"closed","ping_status":"closed","template":"page-templates\/publications.php","meta":{"footnotes":""},"class_list":["post-2893","page","type-page","status-publish","hentry"],"_links":{"self":[{"href":"https:\/\/helvetas-ks.org\/demos_two\/sr\/wp-json\/wp\/v2\/pages\/2893\/"}],"collection":[{"href":"https:\/\/helvetas-ks.org\/demos_two\/sr\/wp-json\/wp\/v2\/pages\/"}],"about":[{"href":"https:\/\/helvetas-ks.org\/demos_two\/sr\/wp-json\/wp\/v2\/types\/page\/"}],"author":[{"embeddable":true,"href":"https:\/\/helvetas-ks.org\/demos_two\/sr\/wp-json\/wp\/v2\/users\/1\/"}],"replies":[{"embeddable":true,"href":"https:\/\/helvetas-ks.org\/demos_two\/sr\/wp-json\/wp\/v2\/comments\/?post=2893"}],"version-history":[{"count":3,"href":"https:\/\/helvetas-ks.org\/demos_two\/sr\/wp-json\/wp\/v2\/pages\/2893\/revisions\/"}],"predecessor-version":[{"id":3952,"href":"https:\/\/helvetas-ks.org\/demos_two\/sr\/wp-json\/wp\/v2\/pages\/2893\/revisions\/3952\/"}],"wp:attachment":[{"href":"https:\/\/helvetas-ks.org\/demos_two\/sr\/wp-json\/wp\/v2\/media\/?parent=2893"}],"curies":[{"name":"wp","href":"https:\/\/api.w.org\/{rel}","templated":true}]}}