{"id":2814,"date":"2018-11-21T13:54:24","date_gmt":"2018-11-21T13:54:24","guid":{"rendered":"http:\/\/helvetas-ks.org\/demos\/?page_id=2814"},"modified":"2020-01-17T11:02:14","modified_gmt":"2020-01-17T11:02:14","slug":"politiku-privatnosti","status":"publish","type":"page","link":"https:\/\/helvetas-ks.org\/demos_two\/sr\/politiku-privatnosti\/","title":{"rendered":"Politiku privatnosti"},"content":{"rendered":"<p>Nastavkom pretra\u017eivanja na\u0161e veb stranice, sla\u017eete se da koristite kola\u010di\u0107e.<\/p>\n<p><strong>\u0160ta se nalazi u kola\u010di\u0107u?<\/strong><\/p>\n<p>Kola\u010di\u0107 je jednostavna tekstualna datoteka koja je sme\u0161tena na va\u0161em ra\u010dunaru ili mobilnom ure\u0111aju od strane servera veb sajta i samo taj server mo\u017ee da preuzima ili pro\u010dita sadr\u017eaj tog kola\u010di\u0107a. Svaki kola\u010di\u0107 je jedinstven za va\u0161 veb pretra\u017eiva\u010d. Sadr\u017ea\u0107e neke anonimne informacije, kao \u0161to su jedinstveni identifikator i ime lokacije i odre\u0111ene cifre i brojeve. Omogu\u0107ava veb sajtu da zapamti stvari kao \u0161to su va\u0161e \u017eelje ili \u0161ta je u va\u0161oj korpi za kupovinu.<\/p>\n<p>Veb stranica DEMOS-a\u00a0 koristi kola\u010di\u0107e kako bi vam pru\u017eila bolje iskustvo u pretra\u017eivanju.<\/p>\n<p><strong>Koristimo slede\u0107e kola\u010di\u0107e:<\/strong><\/p>\n<p><strong>Analiti\u010dki kola\u010di\u0107i<\/strong>: \u00a0Google Analytics prikuplja informacije koje nam omogu\u0107avaju da razumemo interakcije sa na\u0161im veb stranicama i na kraju pobolj\u0161amo to iskustvo kako bismo vam pru\u017eili bolje usluge.<\/p>\n<p><strong>Miniaplikacije dru\u0161tvenih mre\u017ea:<\/strong> Na na\u0161em servisu se nalaze dugmad ili ikonice koje obezbe\u0111uju tre\u0107e strane pru\u017eaoci dru\u0161tvenih mre\u017ea (npr. Facebook) koji vam omogu\u0107avaju da komunicirate sa tim dru\u0161tvenim medijima kada ste u interakciji sa na\u0161im Servisom. Ove dru\u0161tvene miniaplikacije mogu prikupljati podatke pretra\u017eivanja, uklju\u010duju\u0107i i kola\u010di\u0107e i sli\u010dne tehnologije, koje mogu primiti tre\u0107a lica koja su pru\u017eila miniaplikaciju i koja su kontrolisana od strane tre\u0107ih lica. Pre upotrebe takvih funkcija na na\u0161em servisu, pogledajte politiku privatnosti i postavke privatnosti koje se odnose na dru\u0161tvene mre\u017ee.<\/p>\n<p><strong>Jezi\u010dki kola\u010di\u0107i:\u00a0<\/strong>u cilju podr\u0161ke filtriranja jezika za AJAX<\/p>\n<p><strong>Kola\u010di\u0107i sesije<\/strong>:\u00a0Bez kola\u010di\u0107a sesije, veb stranice i njihovi serveri nemaju memorije. Kola\u010di\u0107, poput klju\u010da, omogu\u0107ava brz prolazak sa jednog mesta na drugo. Bez kola\u010di\u0107a svaki put kada otvorite novu veb stranicu server na kojem se nalazi ta stranica \u0107e vas tretirati kao potpuno novog posetioca. Mi ove kola\u010di\u0107e na\u0161em veb sajtu koristimo kako bismo vam obezbedili bolje iskustvo. Ovi kola\u010di\u0107i isti\u010du kada je pretra\u017eiva\u010d zatvoren.<\/p>\n","protected":false},"excerpt":{"rendered":"<p>Nastavkom pretra\u017eivanja na\u0161e veb stranice, sla\u017eete se da koristite kola\u010di\u0107e. \u0160ta se nalazi u kola\u010di\u0107u? Kola\u010di\u0107 je jednostavna tekstualna datoteka koja je sme\u0161tena na va\u0161em ra\u010dunaru ili mobilnom ure\u0111aju od strane servera veb sajta i samo taj server mo\u017ee da preuzima ili pro\u010dita sadr\u017eaj tog kola\u010di\u0107a. Svaki kola\u010di\u0107 je jedinstven [&hellip;]<\/p>\n","protected":false},"author":1,"featured_media":0,"parent":0,"menu_order":19,"comment_status":"closed","ping_status":"closed","template":"","meta":{"footnotes":""},"class_list":["post-2814","page","type-page","status-publish","hentry"],"_links":{"self":[{"href":"https:\/\/helvetas-ks.org\/demos_two\/sr\/wp-json\/wp\/v2\/pages\/2814\/"}],"collection":[{"href":"https:\/\/helvetas-ks.org\/demos_two\/sr\/wp-json\/wp\/v2\/pages\/"}],"about":[{"href":"https:\/\/helvetas-ks.org\/demos_two\/sr\/wp-json\/wp\/v2\/types\/page\/"}],"author":[{"embeddable":true,"href":"https:\/\/helvetas-ks.org\/demos_two\/sr\/wp-json\/wp\/v2\/users\/1\/"}],"replies":[{"embeddable":true,"href":"https:\/\/helvetas-ks.org\/demos_two\/sr\/wp-json\/wp\/v2\/comments\/?post=2814"}],"version-history":[{"count":1,"href":"https:\/\/helvetas-ks.org\/demos_two\/sr\/wp-json\/wp\/v2\/pages\/2814\/revisions\/"}],"predecessor-version":[{"id":2815,"href":"https:\/\/helvetas-ks.org\/demos_two\/sr\/wp-json\/wp\/v2\/pages\/2814\/revisions\/2815\/"}],"wp:attachment":[{"href":"https:\/\/helvetas-ks.org\/demos_two\/sr\/wp-json\/wp\/v2\/media\/?parent=2814"}],"curies":[{"name":"wp","href":"https:\/\/api.w.org\/{rel}","templated":true}]}}