{"id":1694,"date":"2018-09-11T09:02:20","date_gmt":"2018-09-11T09:02:20","guid":{"rendered":"http:\/\/helvetas-ks.org\/demos\/?page_id=1694"},"modified":"2018-10-02T09:31:29","modified_gmt":"2018-10-02T09:31:29","slug":"video","status":"publish","type":"page","link":"https:\/\/helvetas-ks.org\/demos_two\/sr\/digitalna-biblioteka\/video\/","title":{"rendered":"Video"},"content":{"rendered":"<p>Pregledajte na\u0161e video zapise kako biste saznali vi\u0161e o radu na\u0161eg projekta na vizuelno zanimljiv na\u010din.<\/p>\n","protected":false},"excerpt":{"rendered":"<p>Pregledajte na\u0161e video zapise kako biste saznali vi\u0161e o radu na\u0161eg projekta na vizuelno zanimljiv na\u010din.<\/p>\n","protected":false},"author":1,"featured_media":0,"parent":1692,"menu_order":1,"comment_status":"closed","ping_status":"closed","template":"page-templates\/video-gallery.php","meta":{"footnotes":""},"class_list":["post-1694","page","type-page","status-publish","hentry"],"_links":{"self":[{"href":"https:\/\/helvetas-ks.org\/demos_two\/sr\/wp-json\/wp\/v2\/pages\/1694\/"}],"collection":[{"href":"https:\/\/helvetas-ks.org\/demos_two\/sr\/wp-json\/wp\/v2\/pages\/"}],"about":[{"href":"https:\/\/helvetas-ks.org\/demos_two\/sr\/wp-json\/wp\/v2\/types\/page\/"}],"author":[{"embeddable":true,"href":"https:\/\/helvetas-ks.org\/demos_two\/sr\/wp-json\/wp\/v2\/users\/1\/"}],"replies":[{"embeddable":true,"href":"https:\/\/helvetas-ks.org\/demos_two\/sr\/wp-json\/wp\/v2\/comments\/?post=1694"}],"version-history":[{"count":5,"href":"https:\/\/helvetas-ks.org\/demos_two\/sr\/wp-json\/wp\/v2\/pages\/1694\/revisions\/"}],"predecessor-version":[{"id":2504,"href":"https:\/\/helvetas-ks.org\/demos_two\/sr\/wp-json\/wp\/v2\/pages\/1694\/revisions\/2504\/"}],"up":[{"embeddable":true,"href":"https:\/\/helvetas-ks.org\/demos_two\/sr\/wp-json\/wp\/v2\/pages\/1692\/"}],"wp:attachment":[{"href":"https:\/\/helvetas-ks.org\/demos_two\/sr\/wp-json\/wp\/v2\/media\/?parent=1694"}],"curies":[{"name":"wp","href":"https:\/\/api.w.org\/{rel}","templated":true}]}}