{"id":1686,"date":"2018-09-11T09:00:53","date_gmt":"2018-09-11T09:00:53","guid":{"rendered":"http:\/\/helvetas-ks.org\/demos\/?page_id=1686"},"modified":"2018-10-02T09:33:11","modified_gmt":"2018-10-02T09:33:11","slug":"blog","status":"publish","type":"page","link":"https:\/\/helvetas-ks.org\/demos_two\/sr\/vesti\/blog\/","title":{"rendered":"Blog"},"content":{"rendered":"<p>Pro\u010ditajte na\u0161e najnovije blogove o razli\u010ditim aktuelnim pitanjima iz na\u0161ih i drugih Helvetas projekata iz celog sveta.<\/p>\n","protected":false},"excerpt":{"rendered":"<p>Pro\u010ditajte na\u0161e najnovije blogove o razli\u010ditim aktuelnim pitanjima iz na\u0161ih i drugih Helvetas projekata iz celog sveta.<\/p>\n","protected":false},"author":1,"featured_media":1825,"parent":1677,"menu_order":2,"comment_status":"closed","ping_status":"closed","template":"page-templates\/blogs.php","meta":{"footnotes":""},"class_list":["post-1686","page","type-page","status-publish","has-post-thumbnail","hentry"],"_links":{"self":[{"href":"https:\/\/helvetas-ks.org\/demos_two\/sr\/wp-json\/wp\/v2\/pages\/1686\/"}],"collection":[{"href":"https:\/\/helvetas-ks.org\/demos_two\/sr\/wp-json\/wp\/v2\/pages\/"}],"about":[{"href":"https:\/\/helvetas-ks.org\/demos_two\/sr\/wp-json\/wp\/v2\/types\/page\/"}],"author":[{"embeddable":true,"href":"https:\/\/helvetas-ks.org\/demos_two\/sr\/wp-json\/wp\/v2\/users\/1\/"}],"replies":[{"embeddable":true,"href":"https:\/\/helvetas-ks.org\/demos_two\/sr\/wp-json\/wp\/v2\/comments\/?post=1686"}],"version-history":[{"count":3,"href":"https:\/\/helvetas-ks.org\/demos_two\/sr\/wp-json\/wp\/v2\/pages\/1686\/revisions\/"}],"predecessor-version":[{"id":2507,"href":"https:\/\/helvetas-ks.org\/demos_two\/sr\/wp-json\/wp\/v2\/pages\/1686\/revisions\/2507\/"}],"up":[{"embeddable":true,"href":"https:\/\/helvetas-ks.org\/demos_two\/sr\/wp-json\/wp\/v2\/pages\/1677\/"}],"wp:featuredmedia":[{"embeddable":true,"href":"https:\/\/helvetas-ks.org\/demos_two\/sr\/wp-json\/wp\/v2\/media\/1825\/"}],"wp:attachment":[{"href":"https:\/\/helvetas-ks.org\/demos_two\/sr\/wp-json\/wp\/v2\/media\/?parent=1686"}],"curies":[{"name":"wp","href":"https:\/\/api.w.org\/{rel}","templated":true}]}}