{"id":1684,"date":"2018-09-11T09:00:30","date_gmt":"2018-09-11T09:00:30","guid":{"rendered":"http:\/\/helvetas-ks.org\/demos\/?page_id=1684"},"modified":"2018-10-02T09:29:54","modified_gmt":"2018-10-02T09:29:54","slug":"price-o-uspehu","status":"publish","type":"page","link":"https:\/\/helvetas-ks.org\/demos_two\/sr\/vesti\/price-o-uspehu\/","title":{"rendered":"Pri\u010de o uspehu"},"content":{"rendered":"<p>Pregledajte na\u0161e uspehe za uvid u vrste projekata koje isporu\u010dujemo i postignute rezultate. Inspirativne pri\u010de koje motivi\u0161u ljude da naprave pozitivne promjene u svojim zajednicama.<\/p>\n","protected":false},"excerpt":{"rendered":"<p>Pregledajte na\u0161e uspehe za uvid u vrste projekata koje isporu\u010dujemo i postignute rezultate. Inspirativne pri\u010de koje motivi\u0161u ljude da naprave pozitivne promjene u svojim zajednicama.<\/p>\n","protected":false},"author":1,"featured_media":0,"parent":1677,"menu_order":1,"comment_status":"closed","ping_status":"closed","template":"page-templates\/success-stories.php","meta":{"footnotes":""},"class_list":["post-1684","page","type-page","status-publish","hentry"],"_links":{"self":[{"href":"https:\/\/helvetas-ks.org\/demos_two\/sr\/wp-json\/wp\/v2\/pages\/1684\/"}],"collection":[{"href":"https:\/\/helvetas-ks.org\/demos_two\/sr\/wp-json\/wp\/v2\/pages\/"}],"about":[{"href":"https:\/\/helvetas-ks.org\/demos_two\/sr\/wp-json\/wp\/v2\/types\/page\/"}],"author":[{"embeddable":true,"href":"https:\/\/helvetas-ks.org\/demos_two\/sr\/wp-json\/wp\/v2\/users\/1\/"}],"replies":[{"embeddable":true,"href":"https:\/\/helvetas-ks.org\/demos_two\/sr\/wp-json\/wp\/v2\/comments\/?post=1684"}],"version-history":[{"count":3,"href":"https:\/\/helvetas-ks.org\/demos_two\/sr\/wp-json\/wp\/v2\/pages\/1684\/revisions\/"}],"predecessor-version":[{"id":2502,"href":"https:\/\/helvetas-ks.org\/demos_two\/sr\/wp-json\/wp\/v2\/pages\/1684\/revisions\/2502\/"}],"up":[{"embeddable":true,"href":"https:\/\/helvetas-ks.org\/demos_two\/sr\/wp-json\/wp\/v2\/pages\/1677\/"}],"wp:attachment":[{"href":"https:\/\/helvetas-ks.org\/demos_two\/sr\/wp-json\/wp\/v2\/media\/?parent=1684"}],"curies":[{"name":"wp","href":"https:\/\/api.w.org\/{rel}","templated":true}]}}