{"id":1679,"date":"2018-09-11T08:58:18","date_gmt":"2018-09-11T08:58:18","guid":{"rendered":"http:\/\/helvetas-ks.org\/demos\/?page_id=1679"},"modified":"2018-09-17T09:02:08","modified_gmt":"2018-09-17T09:02:08","slug":"upoznajte-tim","status":"publish","type":"page","link":"https:\/\/helvetas-ks.org\/demos_two\/sr\/o-demos-u\/upoznajte-tim\/","title":{"rendered":"UPOZNAJTE TIM"},"content":{"rendered":"<p>Na\u0161 tim stru\u010dnjaka razli\u010ditih ve\u0161tina na kontinuiranoj osnovi se razvija i u\u010di, donose\u0107i znanje i najbolje prakse na putu za uspe\u0161no sprovo\u0111enje na\u0161eg projekta.<\/p>\n","protected":false},"excerpt":{"rendered":"<p>Na\u0161 tim stru\u010dnjaka razli\u010ditih ve\u0161tina na kontinuiranoj osnovi se razvija i u\u010di, donose\u0107i znanje i najbolje prakse na putu za uspe\u0161no sprovo\u0111enje na\u0161eg projekta.<\/p>\n","protected":false},"author":1,"featured_media":0,"parent":1616,"menu_order":1,"comment_status":"closed","ping_status":"closed","template":"page-templates\/team.php","meta":{"footnotes":""},"class_list":["post-1679","page","type-page","status-publish","hentry"],"_links":{"self":[{"href":"https:\/\/helvetas-ks.org\/demos_two\/sr\/wp-json\/wp\/v2\/pages\/1679\/"}],"collection":[{"href":"https:\/\/helvetas-ks.org\/demos_two\/sr\/wp-json\/wp\/v2\/pages\/"}],"about":[{"href":"https:\/\/helvetas-ks.org\/demos_two\/sr\/wp-json\/wp\/v2\/types\/page\/"}],"author":[{"embeddable":true,"href":"https:\/\/helvetas-ks.org\/demos_two\/sr\/wp-json\/wp\/v2\/users\/1\/"}],"replies":[{"embeddable":true,"href":"https:\/\/helvetas-ks.org\/demos_two\/sr\/wp-json\/wp\/v2\/comments\/?post=1679"}],"version-history":[{"count":2,"href":"https:\/\/helvetas-ks.org\/demos_two\/sr\/wp-json\/wp\/v2\/pages\/1679\/revisions\/"}],"predecessor-version":[{"id":1964,"href":"https:\/\/helvetas-ks.org\/demos_two\/sr\/wp-json\/wp\/v2\/pages\/1679\/revisions\/1964\/"}],"up":[{"embeddable":true,"href":"https:\/\/helvetas-ks.org\/demos_two\/sr\/wp-json\/wp\/v2\/pages\/1616\/"}],"wp:attachment":[{"href":"https:\/\/helvetas-ks.org\/demos_two\/sr\/wp-json\/wp\/v2\/media\/?parent=1679"}],"curies":[{"name":"wp","href":"https:\/\/api.w.org\/{rel}","templated":true}]}}