{"id":1677,"date":"2018-09-11T08:56:13","date_gmt":"2018-09-11T08:56:13","guid":{"rendered":"http:\/\/helvetas-ks.org\/demos\/?page_id=1677"},"modified":"2020-01-17T11:02:15","modified_gmt":"2020-01-17T11:02:15","slug":"vesti","status":"publish","type":"page","link":"https:\/\/helvetas-ks.org\/demos_two\/sr\/vesti\/","title":{"rendered":"Vesti"},"content":{"rendered":"<p>Ovaj odeljak uklju\u010duje najnovije vesti o projektnim intervencijama, saop\u0161tenjima za medije, medijskim savetima, tematskim blogovima i pri\u010de o uspehu.<\/p>\n","protected":false},"excerpt":{"rendered":"<p>Ovaj odeljak uklju\u010duje najnovije vesti o projektnim intervencijama, saop\u0161tenjima za medije, medijskim savetima, tematskim blogovima i pri\u010de o uspehu.<\/p>\n","protected":false},"author":1,"featured_media":0,"parent":0,"menu_order":32,"comment_status":"closed","ping_status":"closed","template":"page-templates\/news.php","meta":{"footnotes":""},"class_list":["post-1677","page","type-page","status-publish","hentry"],"_links":{"self":[{"href":"https:\/\/helvetas-ks.org\/demos_two\/sr\/wp-json\/wp\/v2\/pages\/1677\/"}],"collection":[{"href":"https:\/\/helvetas-ks.org\/demos_two\/sr\/wp-json\/wp\/v2\/pages\/"}],"about":[{"href":"https:\/\/helvetas-ks.org\/demos_two\/sr\/wp-json\/wp\/v2\/types\/page\/"}],"author":[{"embeddable":true,"href":"https:\/\/helvetas-ks.org\/demos_two\/sr\/wp-json\/wp\/v2\/users\/1\/"}],"replies":[{"embeddable":true,"href":"https:\/\/helvetas-ks.org\/demos_two\/sr\/wp-json\/wp\/v2\/comments\/?post=1677"}],"version-history":[{"count":3,"href":"https:\/\/helvetas-ks.org\/demos_two\/sr\/wp-json\/wp\/v2\/pages\/1677\/revisions\/"}],"predecessor-version":[{"id":1980,"href":"https:\/\/helvetas-ks.org\/demos_two\/sr\/wp-json\/wp\/v2\/pages\/1677\/revisions\/1980\/"}],"wp:attachment":[{"href":"https:\/\/helvetas-ks.org\/demos_two\/sr\/wp-json\/wp\/v2\/media\/?parent=1677"}],"curies":[{"name":"wp","href":"https:\/\/api.w.org\/{rel}","templated":true}]}}