{"id":1673,"date":"2018-09-11T08:54:09","date_gmt":"2018-09-11T08:54:09","guid":{"rendered":"http:\/\/helvetas-ks.org\/demos\/?page_id=1673"},"modified":"2018-09-28T15:07:29","modified_gmt":"2018-09-28T15:07:29","slug":"transparentnost-i-integritet","status":"publish","type":"page","link":"https:\/\/helvetas-ks.org\/demos_two\/sr\/cfare-bejme-ne\/transparentnost-i-integritet\/","title":{"rendered":"TRANSPARENTNOST I INTEGRITET"},"content":{"rendered":"<p>DEMOS II podr\u017eava op\u0161tine da deluju transparentnije i pru\u017eaju adekvatan pristup informacijama od javnog zna\u010daja.<\/p>\n<p>Kroz svoje glavne mehanizme, grant u\u010dinka i tehni\u010dku pomo\u0107, DEMOS, op\u0161tinama pru\u017ea raspolo\u017eive instrumente i metodologije koji su tematski povezani sa slabostima otkrivenim u godi\u0161njim analizama podataka o u\u010dinku.<\/p>\n<div class='owl-carousel owl-theme richtext-carousel'><div class='item'><img src='https:\/\/helvetas-ks.org\/demos_two\/wp-content\/uploads\/2018\/09\/Workshop-inclusion-08_edited-520x355.jpg' alt=''><\/div><div class='item'><img src='https:\/\/helvetas-ks.org\/demos_two\/wp-content\/uploads\/2018\/09\/Workshop-inclusion-08.05-5-520x355.jpg' alt=''><\/div><div class='item'><img src='https:\/\/helvetas-ks.org\/demos_two\/wp-content\/uploads\/2018\/09\/P6170515-520x355.jpg' alt=''><\/div><div class='item'><img src='https:\/\/helvetas-ks.org\/demos_two\/wp-content\/uploads\/2018\/09\/IMG_5542-520x355.jpg' alt=''><\/div><div class='item'><img src='https:\/\/helvetas-ks.org\/demos_two\/wp-content\/uploads\/2018\/09\/20130227_135441-520x355.jpg' alt=''><\/div><\/div>\n","protected":false},"excerpt":{"rendered":"<p>DEMOS II podr\u017eava op\u0161tine da deluju transparentnije i pru\u017eaju adekvatan pristup informacijama od javnog zna\u010daja. Kroz svoje glavne mehanizme, grant u\u010dinka i tehni\u010dku pomo\u0107, DEMOS, op\u0161tinama pru\u017ea raspolo\u017eive instrumente i metodologije koji su tematski povezani sa slabostima otkrivenim u godi\u0161njim analizama podataka o u\u010dinku.<\/p>\n","protected":false},"author":1,"featured_media":2485,"parent":1539,"menu_order":6,"comment_status":"closed","ping_status":"closed","template":"","meta":{"footnotes":""},"class_list":["post-1673","page","type-page","status-publish","has-post-thumbnail","hentry"],"_links":{"self":[{"href":"https:\/\/helvetas-ks.org\/demos_two\/sr\/wp-json\/wp\/v2\/pages\/1673\/"}],"collection":[{"href":"https:\/\/helvetas-ks.org\/demos_two\/sr\/wp-json\/wp\/v2\/pages\/"}],"about":[{"href":"https:\/\/helvetas-ks.org\/demos_two\/sr\/wp-json\/wp\/v2\/types\/page\/"}],"author":[{"embeddable":true,"href":"https:\/\/helvetas-ks.org\/demos_two\/sr\/wp-json\/wp\/v2\/users\/1\/"}],"replies":[{"embeddable":true,"href":"https:\/\/helvetas-ks.org\/demos_two\/sr\/wp-json\/wp\/v2\/comments\/?post=1673"}],"version-history":[{"count":5,"href":"https:\/\/helvetas-ks.org\/demos_two\/sr\/wp-json\/wp\/v2\/pages\/1673\/revisions\/"}],"predecessor-version":[{"id":2492,"href":"https:\/\/helvetas-ks.org\/demos_two\/sr\/wp-json\/wp\/v2\/pages\/1673\/revisions\/2492\/"}],"up":[{"embeddable":true,"href":"https:\/\/helvetas-ks.org\/demos_two\/sr\/wp-json\/wp\/v2\/pages\/1539\/"}],"wp:featuredmedia":[{"embeddable":true,"href":"https:\/\/helvetas-ks.org\/demos_two\/sr\/wp-json\/wp\/v2\/media\/2485\/"}],"wp:attachment":[{"href":"https:\/\/helvetas-ks.org\/demos_two\/sr\/wp-json\/wp\/v2\/media\/?parent=1673"}],"curies":[{"name":"wp","href":"https:\/\/api.w.org\/{rel}","templated":true}]}}