{"id":1668,"date":"2018-09-11T08:40:52","date_gmt":"2018-09-11T08:40:52","guid":{"rendered":"http:\/\/helvetas-ks.org\/demos\/?page_id=1668"},"modified":"2018-09-28T15:02:31","modified_gmt":"2018-09-28T15:02:31","slug":"opstinsko-upravljanje","status":"publish","type":"page","link":"https:\/\/helvetas-ks.org\/demos_two\/sr\/cfare-bejme-ne\/opstinsko-upravljanje\/","title":{"rendered":"OP\u0160TINSKO UPRAVLJANJE"},"content":{"rendered":"<p>DEMOS podr\u017eava op\u0161tine da primenjuju stabilnu praksu finansijskog i upravljanja ljudskim resursima.<\/p>\n<p>Kroz svoje glavne mehanizme, grant u\u010dinka i tehni\u010dku pomo\u0107, DEMOS, op\u0161tinama pru\u017ea raspolo\u017eive instrumente i metodologije koji su tematski povezani sa slabostima otkrivenim u godi\u0161njim analizama podataka o u\u010dinku.<\/p>\n<div class='owl-carousel owl-theme richtext-carousel'><div class='item'><img src='https:\/\/helvetas-ks.org\/demos_two\/wp-content\/uploads\/2018\/09\/P6180870-520x355.jpg' alt=''><\/div><div class='item'><img src='https:\/\/helvetas-ks.org\/demos_two\/wp-content\/uploads\/2018\/09\/P6170365-2-520x355.jpg' alt=''><\/div><div class='item'><img src='https:\/\/helvetas-ks.org\/demos_two\/wp-content\/uploads\/2018\/09\/IMG_5429-520x355.jpg' alt=''><\/div><div class='item'><img src='https:\/\/helvetas-ks.org\/demos_two\/wp-content\/uploads\/2018\/09\/DSC02363-1-520x355.jpg' alt=''><\/div><\/div>\n","protected":false},"excerpt":{"rendered":"<p>DEMOS podr\u017eava op\u0161tine da primenjuju stabilnu praksu finansijskog i upravljanja ljudskim resursima. Kroz svoje glavne mehanizme, grant u\u010dinka i tehni\u010dku pomo\u0107, DEMOS, op\u0161tinama pru\u017ea raspolo\u017eive instrumente i metodologije koji su tematski povezani sa slabostima otkrivenim u godi\u0161njim analizama podataka o u\u010dinku.<\/p>\n","protected":false},"author":1,"featured_media":2458,"parent":1539,"menu_order":4,"comment_status":"closed","ping_status":"closed","template":"","meta":{"footnotes":""},"class_list":["post-1668","page","type-page","status-publish","has-post-thumbnail","hentry"],"_links":{"self":[{"href":"https:\/\/helvetas-ks.org\/demos_two\/sr\/wp-json\/wp\/v2\/pages\/1668\/"}],"collection":[{"href":"https:\/\/helvetas-ks.org\/demos_two\/sr\/wp-json\/wp\/v2\/pages\/"}],"about":[{"href":"https:\/\/helvetas-ks.org\/demos_two\/sr\/wp-json\/wp\/v2\/types\/page\/"}],"author":[{"embeddable":true,"href":"https:\/\/helvetas-ks.org\/demos_two\/sr\/wp-json\/wp\/v2\/users\/1\/"}],"replies":[{"embeddable":true,"href":"https:\/\/helvetas-ks.org\/demos_two\/sr\/wp-json\/wp\/v2\/comments\/?post=1668"}],"version-history":[{"count":6,"href":"https:\/\/helvetas-ks.org\/demos_two\/sr\/wp-json\/wp\/v2\/pages\/1668\/revisions\/"}],"predecessor-version":[{"id":2462,"href":"https:\/\/helvetas-ks.org\/demos_two\/sr\/wp-json\/wp\/v2\/pages\/1668\/revisions\/2462\/"}],"up":[{"embeddable":true,"href":"https:\/\/helvetas-ks.org\/demos_two\/sr\/wp-json\/wp\/v2\/pages\/1539\/"}],"wp:featuredmedia":[{"embeddable":true,"href":"https:\/\/helvetas-ks.org\/demos_two\/sr\/wp-json\/wp\/v2\/media\/2458\/"}],"wp:attachment":[{"href":"https:\/\/helvetas-ks.org\/demos_two\/sr\/wp-json\/wp\/v2\/media\/?parent=1668"}],"curies":[{"name":"wp","href":"https:\/\/api.w.org\/{rel}","templated":true}]}}