{"id":1666,"date":"2018-09-11T08:39:31","date_gmt":"2018-09-11T08:39:31","guid":{"rendered":"http:\/\/helvetas-ks.org\/demos\/?page_id=1666"},"modified":"2018-09-28T14:58:11","modified_gmt":"2018-09-28T14:58:11","slug":"local-democratic-governance","status":"publish","type":"page","link":"https:\/\/helvetas-ks.org\/demos_two\/sr\/cfare-bejme-ne\/local-democratic-governance\/","title":{"rendered":"Lokalno Demokratsko Upravljanje"},"content":{"rendered":"<p>DEMOS podr\u017eava op\u0161tine da pobolj\u0161aju funkcionisanje op\u0161tinskih provera i balansiranja, da sve vi\u0161e uklju\u010duju gra\u0111ane u procese dono\u0161enja odluka i da deluju inkluzivnije prema marginalizovanim grupama.<\/p>\n<p>Kroz svoje glavne mehanizme, grant u\u010dinka i tehni\u010dku pomo\u0107, DEMOS, op\u0161tinama pru\u017ea raspolo\u017eive instrumente i metodologije koji su tematski povezani sa slabostima otkrivenim u godi\u0161njim analizama podataka o u\u010dinku.<\/p>\n<div class='owl-carousel owl-theme richtext-carousel'><div class='item'><img src='https:\/\/helvetas-ks.org\/demos_two\/wp-content\/uploads\/2018\/09\/SDC-LOGOS-Novoberde-6802-1-520x352.jpg' alt=''><\/div><div class='item'><img src='https:\/\/helvetas-ks.org\/demos_two\/wp-content\/uploads\/2018\/09\/P6180783-1-520x355.jpg' alt=''><\/div><div class='item'><img src='https:\/\/helvetas-ks.org\/demos_two\/wp-content\/uploads\/2018\/09\/DSC_0751-1-520x355.jpg' alt=''><\/div><\/div>\n","protected":false},"excerpt":{"rendered":"<p>DEMOS podr\u017eava op\u0161tine da pobolj\u0161aju funkcionisanje op\u0161tinskih provera i balansiranja, da sve vi\u0161e uklju\u010duju gra\u0111ane u procese dono\u0161enja odluka i da deluju inkluzivnije prema marginalizovanim grupama. Kroz svoje glavne mehanizme, grant u\u010dinka i tehni\u010dku pomo\u0107, DEMOS, op\u0161tinama pru\u017ea raspolo\u017eive instrumente i metodologije koji su tematski povezani sa slabostima otkrivenim u [&hellip;]<\/p>\n","protected":false},"author":1,"featured_media":2422,"parent":1539,"menu_order":3,"comment_status":"closed","ping_status":"closed","template":"","meta":{"footnotes":""},"class_list":["post-1666","page","type-page","status-publish","has-post-thumbnail","hentry"],"_links":{"self":[{"href":"https:\/\/helvetas-ks.org\/demos_two\/sr\/wp-json\/wp\/v2\/pages\/1666\/"}],"collection":[{"href":"https:\/\/helvetas-ks.org\/demos_two\/sr\/wp-json\/wp\/v2\/pages\/"}],"about":[{"href":"https:\/\/helvetas-ks.org\/demos_two\/sr\/wp-json\/wp\/v2\/types\/page\/"}],"author":[{"embeddable":true,"href":"https:\/\/helvetas-ks.org\/demos_two\/sr\/wp-json\/wp\/v2\/users\/1\/"}],"replies":[{"embeddable":true,"href":"https:\/\/helvetas-ks.org\/demos_two\/sr\/wp-json\/wp\/v2\/comments\/?post=1666"}],"version-history":[{"count":6,"href":"https:\/\/helvetas-ks.org\/demos_two\/sr\/wp-json\/wp\/v2\/pages\/1666\/revisions\/"}],"predecessor-version":[{"id":2444,"href":"https:\/\/helvetas-ks.org\/demos_two\/sr\/wp-json\/wp\/v2\/pages\/1666\/revisions\/2444\/"}],"up":[{"embeddable":true,"href":"https:\/\/helvetas-ks.org\/demos_two\/sr\/wp-json\/wp\/v2\/pages\/1539\/"}],"wp:featuredmedia":[{"embeddable":true,"href":"https:\/\/helvetas-ks.org\/demos_two\/sr\/wp-json\/wp\/v2\/media\/2422\/"}],"wp:attachment":[{"href":"https:\/\/helvetas-ks.org\/demos_two\/sr\/wp-json\/wp\/v2\/media\/?parent=1666"}],"curies":[{"name":"wp","href":"https:\/\/api.w.org\/{rel}","templated":true}]}}