{"id":1664,"date":"2018-09-11T08:38:37","date_gmt":"2018-09-11T08:38:37","guid":{"rendered":"http:\/\/helvetas-ks.org\/demos\/?page_id=1664"},"modified":"2018-09-17T09:04:42","modified_gmt":"2018-09-17T09:04:42","slug":"opstinske-bodovne-kartice","status":"publish","type":"page","link":"https:\/\/helvetas-ks.org\/demos_two\/sr\/cfare-bejme-ne\/opstinske-bodovne-kartice\/","title":{"rendered":"OP\u0160TINSKE BODOVNE KARTICE"},"content":{"rendered":"<p>Bodovne kartice predstavljaju rezultat za grant u\u010dinka svih 38 op\u0161tina na Kosovu<\/p>\n","protected":false},"excerpt":{"rendered":"<p>Bodovne kartice predstavljaju rezultat za grant u\u010dinka svih 38 op\u0161tina na Kosovu<\/p>\n","protected":false},"author":1,"featured_media":0,"parent":1539,"menu_order":2,"comment_status":"closed","ping_status":"closed","template":"page-templates\/score-cards.php","meta":{"footnotes":""},"class_list":["post-1664","page","type-page","status-publish","hentry"],"_links":{"self":[{"href":"https:\/\/helvetas-ks.org\/demos_two\/sr\/wp-json\/wp\/v2\/pages\/1664\/"}],"collection":[{"href":"https:\/\/helvetas-ks.org\/demos_two\/sr\/wp-json\/wp\/v2\/pages\/"}],"about":[{"href":"https:\/\/helvetas-ks.org\/demos_two\/sr\/wp-json\/wp\/v2\/types\/page\/"}],"author":[{"embeddable":true,"href":"https:\/\/helvetas-ks.org\/demos_two\/sr\/wp-json\/wp\/v2\/users\/1\/"}],"replies":[{"embeddable":true,"href":"https:\/\/helvetas-ks.org\/demos_two\/sr\/wp-json\/wp\/v2\/comments\/?post=1664"}],"version-history":[{"count":2,"href":"https:\/\/helvetas-ks.org\/demos_two\/sr\/wp-json\/wp\/v2\/pages\/1664\/revisions\/"}],"predecessor-version":[{"id":1974,"href":"https:\/\/helvetas-ks.org\/demos_two\/sr\/wp-json\/wp\/v2\/pages\/1664\/revisions\/1974\/"}],"up":[{"embeddable":true,"href":"https:\/\/helvetas-ks.org\/demos_two\/sr\/wp-json\/wp\/v2\/pages\/1539\/"}],"wp:attachment":[{"href":"https:\/\/helvetas-ks.org\/demos_two\/sr\/wp-json\/wp\/v2\/media\/?parent=1664"}],"curies":[{"name":"wp","href":"https:\/\/api.w.org\/{rel}","templated":true}]}}