{"id":1661,"date":"2018-09-11T08:30:56","date_gmt":"2018-09-11T08:30:56","guid":{"rendered":"http:\/\/helvetas-ks.org\/demos\/?page_id=1661"},"modified":"2020-06-12T09:20:46","modified_gmt":"2020-06-12T09:20:46","slug":"grant-ucinka","status":"publish","type":"page","link":"https:\/\/helvetas-ks.org\/demos_two\/sr\/cfare-bejme-ne\/grant-ucinka\/","title":{"rendered":"GRANT U\u010cINKA"},"content":{"rendered":"<p>Mi podr\u017eavamo svih 38 op\u0161tina na Kosovu na osnovu njihovog u\u010dinka, koriste\u0107i grant u\u010dinka kao na\u0161 glavni instrument. Izgradnjom konkurencije me\u0111u op\u0161tinama, grant u\u010dinka pokre\u0107e pozitivne promene pona\u0161anja u op\u0161tinama za pobolj\u0161anje demokratskog upravljanja, finansijskog i upravljanja ljudskim resursima, transparentnosti i integriteta.<\/p>\n","protected":false},"excerpt":{"rendered":"<p>Mi podr\u017eavamo svih 38 op\u0161tina na Kosovu na osnovu njihovog u\u010dinka, koriste\u0107i grant u\u010dinka kao na\u0161 glavni instrument. Izgradnjom konkurencije me\u0111u op\u0161tinama, grant u\u010dinka pokre\u0107e pozitivne promene pona\u0161anja u op\u0161tinama za pobolj\u0161anje demokratskog upravljanja, finansijskog i upravljanja ljudskim resursima, transparentnosti i integriteta.<\/p>\n","protected":false},"author":1,"featured_media":2416,"parent":1539,"menu_order":1,"comment_status":"closed","ping_status":"closed","template":"page-templates\/performance-grants.php","meta":{"footnotes":""},"class_list":["post-1661","page","type-page","status-publish","has-post-thumbnail","hentry"],"_links":{"self":[{"href":"https:\/\/helvetas-ks.org\/demos_two\/sr\/wp-json\/wp\/v2\/pages\/1661\/"}],"collection":[{"href":"https:\/\/helvetas-ks.org\/demos_two\/sr\/wp-json\/wp\/v2\/pages\/"}],"about":[{"href":"https:\/\/helvetas-ks.org\/demos_two\/sr\/wp-json\/wp\/v2\/types\/page\/"}],"author":[{"embeddable":true,"href":"https:\/\/helvetas-ks.org\/demos_two\/sr\/wp-json\/wp\/v2\/users\/1\/"}],"replies":[{"embeddable":true,"href":"https:\/\/helvetas-ks.org\/demos_two\/sr\/wp-json\/wp\/v2\/comments\/?post=1661"}],"version-history":[{"count":9,"href":"https:\/\/helvetas-ks.org\/demos_two\/sr\/wp-json\/wp\/v2\/pages\/1661\/revisions\/"}],"predecessor-version":[{"id":6043,"href":"https:\/\/helvetas-ks.org\/demos_two\/sr\/wp-json\/wp\/v2\/pages\/1661\/revisions\/6043\/"}],"up":[{"embeddable":true,"href":"https:\/\/helvetas-ks.org\/demos_two\/sr\/wp-json\/wp\/v2\/pages\/1539\/"}],"wp:featuredmedia":[{"embeddable":true,"href":"https:\/\/helvetas-ks.org\/demos_two\/sr\/wp-json\/wp\/v2\/media\/2416\/"}],"wp:attachment":[{"href":"https:\/\/helvetas-ks.org\/demos_two\/sr\/wp-json\/wp\/v2\/media\/?parent=1661"}],"curies":[{"name":"wp","href":"https:\/\/api.w.org\/{rel}","templated":true}]}}