{"id":1653,"date":"2018-09-11T08:21:59","date_gmt":"2018-09-11T08:21:59","guid":{"rendered":"http:\/\/helvetas-ks.org\/demos\/?page_id=1653"},"modified":"2018-09-17T09:12:17","modified_gmt":"2018-09-17T09:12:17","slug":"obavestenja","status":"publish","type":"page","link":"https:\/\/helvetas-ks.org\/demos_two\/sr\/o-demos-u\/obavestenja\/","title":{"rendered":"Obave\u0161tenja"},"content":{"rendered":"<p>Obave\u0161tenja o mogu\u0107nostima pridru\u017eivanja na\u0161em timu ili kandidovanju za usluge potrebne za projekat mogu se prona\u0107i u ovom odeljku.<\/p>\n","protected":false},"excerpt":{"rendered":"<p>Obave\u0161tenja o mogu\u0107nostima pridru\u017eivanja na\u0161em timu ili kandidovanju za usluge potrebne za projekat mogu se prona\u0107i u ovom odeljku.<\/p>\n","protected":false},"author":1,"featured_media":0,"parent":1616,"menu_order":4,"comment_status":"closed","ping_status":"closed","template":"page-templates\/announcements.php","meta":{"footnotes":""},"class_list":["post-1653","page","type-page","status-publish","hentry"],"_links":{"self":[{"href":"https:\/\/helvetas-ks.org\/demos_two\/sr\/wp-json\/wp\/v2\/pages\/1653\/"}],"collection":[{"href":"https:\/\/helvetas-ks.org\/demos_two\/sr\/wp-json\/wp\/v2\/pages\/"}],"about":[{"href":"https:\/\/helvetas-ks.org\/demos_two\/sr\/wp-json\/wp\/v2\/types\/page\/"}],"author":[{"embeddable":true,"href":"https:\/\/helvetas-ks.org\/demos_two\/sr\/wp-json\/wp\/v2\/users\/1\/"}],"replies":[{"embeddable":true,"href":"https:\/\/helvetas-ks.org\/demos_two\/sr\/wp-json\/wp\/v2\/comments\/?post=1653"}],"version-history":[{"count":4,"href":"https:\/\/helvetas-ks.org\/demos_two\/sr\/wp-json\/wp\/v2\/pages\/1653\/revisions\/"}],"predecessor-version":[{"id":6110,"href":"https:\/\/helvetas-ks.org\/demos_two\/sr\/wp-json\/wp\/v2\/pages\/1653\/revisions\/6110\/"}],"up":[{"embeddable":true,"href":"https:\/\/helvetas-ks.org\/demos_two\/sr\/wp-json\/wp\/v2\/pages\/1616\/"}],"wp:attachment":[{"href":"https:\/\/helvetas-ks.org\/demos_two\/sr\/wp-json\/wp\/v2\/media\/?parent=1653"}],"curies":[{"name":"wp","href":"https:\/\/api.w.org\/{rel}","templated":true}]}}