{"id":1649,"date":"2018-09-11T08:16:26","date_gmt":"2018-09-11T08:16:26","guid":{"rendered":"http:\/\/helvetas-ks.org\/demos\/?page_id=1649"},"modified":"2018-12-04T10:18:07","modified_gmt":"2018-12-04T10:18:07","slug":"sa-kim-saradujemo","status":"publish","type":"page","link":"https:\/\/helvetas-ks.org\/demos_two\/sr\/o-demos-u\/sa-kim-saradujemo\/","title":{"rendered":"SA KIM SARA\u0110UJEMO?"},"content":{"rendered":"<p><strong>DEMOS<\/strong> blisko sara\u0111uje sa brojnim partnerima kako bi osigurao pove\u0107an uticaj i odr\u017eivost intervencija:<\/p>\n<ul>\n<li><a href=\"https:\/\/mapl.rks-gov.net\/sr\/100100933-2\/\" target=\"_blank\" rel=\"noopener\">Ministarstvo administracije lokalne samouprave (MALS), <\/a><\/li>\n<li><a href=\"http:\/\/komunat-ks.net\/?lang=sr\" target=\"_blank\" rel=\"noopener\">Asocijacija kosovskih op\u0161tina (AKO) <\/a><\/li>\n<li><a href=\"https:\/\/mf.rks-gov.net\/page.aspx?id=3,10\" target=\"_blank\" rel=\"noopener\">Ministarstvo finansija (MF), <\/a><\/li>\n<li><a href=\"https:\/\/map.rks-gov.net\/Home.aspx?lang=sr-Latn-CS\" target=\"_blank\" rel=\"noopener\">Ministarstvo za javnu upravu (MJU)<\/a>,<\/li>\n<li><a href=\"http:\/\/www.zka-rks.org\/sr\/\" target=\"_blank\" rel=\"noopener\"> Nacionalna kancelarija za reviziju (NKR).\u00a0 \u00a0<\/a><\/li>\n<\/ul>\n<p>DEMOS odr\u017eava blisku koordinaciju sa drugim projektima koji se bave relevantnim pitanjima, koje sprovode druge lokalne i me\u0111unarodne agencije, bilateralni donatori i me\u0111unarodne i lokalne nevladine organizacije.<\/p>\n<p><strong>Op\u0161tine<\/strong><\/p>\n<p>DEMOS sara\u0111uje sa svih 38 op\u0161tina na Kosovu u postizanju demokratske lokalne uprave i boljeg upravljanja op\u0161tinama.<\/p>\n<p><a href=\"https:\/\/mapl.rks-gov.net\/sr\/portali-i-komunave-sr\/\">Link ka op\u0161tinskoj internet stranici<\/a><\/p>\n","protected":false},"excerpt":{"rendered":"<p>DEMOS blisko sara\u0111uje sa brojnim partnerima kako bi osigurao pove\u0107an uticaj i odr\u017eivost intervencija: Ministarstvo administracije lokalne samouprave (MALS), Asocijacija kosovskih op\u0161tina (AKO) Ministarstvo finansija (MF), Ministarstvo za javnu upravu (MJU), Nacionalna kancelarija za reviziju (NKR).\u00a0 \u00a0 DEMOS odr\u017eava blisku koordinaciju sa drugim projektima koji se bave relevantnim pitanjima, koje [&hellip;]<\/p>\n","protected":false},"author":1,"featured_media":2404,"parent":1616,"menu_order":2,"comment_status":"closed","ping_status":"closed","template":"","meta":{"footnotes":""},"class_list":["post-1649","page","type-page","status-publish","has-post-thumbnail","hentry"],"_links":{"self":[{"href":"https:\/\/helvetas-ks.org\/demos_two\/sr\/wp-json\/wp\/v2\/pages\/1649\/"}],"collection":[{"href":"https:\/\/helvetas-ks.org\/demos_two\/sr\/wp-json\/wp\/v2\/pages\/"}],"about":[{"href":"https:\/\/helvetas-ks.org\/demos_two\/sr\/wp-json\/wp\/v2\/types\/page\/"}],"author":[{"embeddable":true,"href":"https:\/\/helvetas-ks.org\/demos_two\/sr\/wp-json\/wp\/v2\/users\/1\/"}],"replies":[{"embeddable":true,"href":"https:\/\/helvetas-ks.org\/demos_two\/sr\/wp-json\/wp\/v2\/comments\/?post=1649"}],"version-history":[{"count":16,"href":"https:\/\/helvetas-ks.org\/demos_two\/sr\/wp-json\/wp\/v2\/pages\/1649\/revisions\/"}],"predecessor-version":[{"id":2861,"href":"https:\/\/helvetas-ks.org\/demos_two\/sr\/wp-json\/wp\/v2\/pages\/1649\/revisions\/2861\/"}],"up":[{"embeddable":true,"href":"https:\/\/helvetas-ks.org\/demos_two\/sr\/wp-json\/wp\/v2\/pages\/1616\/"}],"wp:featuredmedia":[{"embeddable":true,"href":"https:\/\/helvetas-ks.org\/demos_two\/sr\/wp-json\/wp\/v2\/media\/2404\/"}],"wp:attachment":[{"href":"https:\/\/helvetas-ks.org\/demos_two\/sr\/wp-json\/wp\/v2\/media\/?parent=1649"}],"curies":[{"name":"wp","href":"https:\/\/api.w.org\/{rel}","templated":true}]}}