{"id":1616,"date":"2018-09-10T12:06:22","date_gmt":"2018-09-10T12:06:22","guid":{"rendered":"http:\/\/helvetas-ks.org\/demos\/?page_id=1616"},"modified":"2020-01-17T14:37:59","modified_gmt":"2020-01-17T14:37:59","slug":"o-demos-u","status":"publish","type":"page","link":"https:\/\/helvetas-ks.org\/demos_two\/sr\/o-demos-u\/","title":{"rendered":"O DEMOS-u"},"content":{"rendered":"<p style=\"font-weight: 400;\">Projekat decentralizacije i podr\u0161ke op\u0161tinama (DEMOS) je projekat \u0160vajcarske agencije za razvoj i saradnju (SDC), koji sufinansira \u0160vedska i Norve\u0161ka, koji sprovodi HELVETAS Swiss Intercooperation-Kosovo.<\/p>\n<p>DEMOS podr\u017eava sve op\u0161tine na Kosovu u pogledu postizanja sistemskih promena koje podsti\u010du dobro upravljanje i bolje pru\u017eanje usluga, a koje pozitivno uti\u010du na svakodnevni \u017eivot gra\u0111ana.<\/p>\n","protected":false},"excerpt":{"rendered":"<p>Projekat decentralizacije i podr\u0161ke op\u0161tinama (DEMOS) je projekat \u0160vajcarske agencije za razvoj i saradnju (SDC), koji sufinansira \u0160vedska i Norve\u0161ka, koji sprovodi HELVETAS Swiss Intercooperation-Kosovo. DEMOS podr\u017eava sve op\u0161tine na Kosovu u pogledu postizanja sistemskih promena koje podsti\u010du dobro upravljanje i bolje pru\u017eanje usluga, a koje pozitivno uti\u010du na svakodnevni [&hellip;]<\/p>\n","protected":false},"author":1,"featured_media":0,"parent":0,"menu_order":25,"comment_status":"closed","ping_status":"closed","template":"page-templates\/about.php","meta":{"footnotes":""},"class_list":["post-1616","page","type-page","status-publish","hentry"],"_links":{"self":[{"href":"https:\/\/helvetas-ks.org\/demos_two\/sr\/wp-json\/wp\/v2\/pages\/1616\/"}],"collection":[{"href":"https:\/\/helvetas-ks.org\/demos_two\/sr\/wp-json\/wp\/v2\/pages\/"}],"about":[{"href":"https:\/\/helvetas-ks.org\/demos_two\/sr\/wp-json\/wp\/v2\/types\/page\/"}],"author":[{"embeddable":true,"href":"https:\/\/helvetas-ks.org\/demos_two\/sr\/wp-json\/wp\/v2\/users\/1\/"}],"replies":[{"embeddable":true,"href":"https:\/\/helvetas-ks.org\/demos_two\/sr\/wp-json\/wp\/v2\/comments\/?post=1616"}],"version-history":[{"count":5,"href":"https:\/\/helvetas-ks.org\/demos_two\/sr\/wp-json\/wp\/v2\/pages\/1616\/revisions\/"}],"predecessor-version":[{"id":4645,"href":"https:\/\/helvetas-ks.org\/demos_two\/sr\/wp-json\/wp\/v2\/pages\/1616\/revisions\/4645\/"}],"wp:attachment":[{"href":"https:\/\/helvetas-ks.org\/demos_two\/sr\/wp-json\/wp\/v2\/media\/?parent=1616"}],"curies":[{"name":"wp","href":"https:\/\/api.w.org\/{rel}","templated":true}]}}