{"id":3038,"date":"2019-01-30T12:35:20","date_gmt":"2019-01-30T12:35:20","guid":{"rendered":"http:\/\/helvetas-ks.org\/demos\/?page_id=3038"},"modified":"2020-01-17T11:02:13","modified_gmt":"2020-01-17T11:02:13","slug":"fletushkat-e-performances-komunale","status":"publish","type":"page","link":"https:\/\/helvetas-ks.org\/demos_two\/sq\/fletushkat-e-performances-komunale\/","title":{"rendered":"Fletushkat e Performanc\u00ebs Komunale"},"content":{"rendered":"<p style=\"font-weight: 400;\">Lexoni analiz\u00ebn krahasuese t\u00eb performanc\u00ebs komunale n\u00eb qeverisjen demokratike, menaxhimin komunal dhe transparenc\u00ebn dhe integritetin. Shfletoni p\u00ebr tu informuar rreth performanc\u00ebs s\u00eb komun\u00ebs suaj.<\/p>\n","protected":false},"excerpt":{"rendered":"<p>Lexoni analiz\u00ebn krahasuese t\u00eb performanc\u00ebs komunale n\u00eb qeverisjen demokratike, menaxhimin komunal dhe transparenc\u00ebn dhe integritetin. Shfletoni p\u00ebr tu informuar rreth performanc\u00ebs s\u00eb komun\u00ebs suaj.<\/p>\n","protected":false},"author":1,"featured_media":0,"parent":0,"menu_order":6,"comment_status":"closed","ping_status":"closed","template":"page-templates\/publications.php","meta":{"footnotes":""},"class_list":["post-3038","page","type-page","status-publish","hentry"],"_links":{"self":[{"href":"https:\/\/helvetas-ks.org\/demos_two\/sq\/wp-json\/wp\/v2\/pages\/3038\/"}],"collection":[{"href":"https:\/\/helvetas-ks.org\/demos_two\/sq\/wp-json\/wp\/v2\/pages\/"}],"about":[{"href":"https:\/\/helvetas-ks.org\/demos_two\/sq\/wp-json\/wp\/v2\/types\/page\/"}],"author":[{"embeddable":true,"href":"https:\/\/helvetas-ks.org\/demos_two\/sq\/wp-json\/wp\/v2\/users\/1\/"}],"replies":[{"embeddable":true,"href":"https:\/\/helvetas-ks.org\/demos_two\/sq\/wp-json\/wp\/v2\/comments\/?post=3038"}],"version-history":[{"count":4,"href":"https:\/\/helvetas-ks.org\/demos_two\/sq\/wp-json\/wp\/v2\/pages\/3038\/revisions\/"}],"predecessor-version":[{"id":3959,"href":"https:\/\/helvetas-ks.org\/demos_two\/sq\/wp-json\/wp\/v2\/pages\/3038\/revisions\/3959\/"}],"wp:attachment":[{"href":"https:\/\/helvetas-ks.org\/demos_two\/sq\/wp-json\/wp\/v2\/media\/?parent=3038"}],"curies":[{"name":"wp","href":"https:\/\/api.w.org\/{rel}","templated":true}]}}