{"id":2896,"date":"2018-12-04T14:21:30","date_gmt":"2018-12-04T14:21:30","guid":{"rendered":"http:\/\/helvetas-ks.org\/demos\/performance-grants\/"},"modified":"2020-01-17T11:02:13","modified_gmt":"2020-01-17T11:02:13","slug":"grantet-e-performances","status":"publish","type":"page","link":"https:\/\/helvetas-ks.org\/demos_two\/sq\/grantet-e-performances\/","title":{"rendered":"Grantet e Performanc\u00ebs"},"content":{"rendered":"<p style=\"font-weight: 400;\">K\u00ebtu mund t\u00eb gjeni botime t\u00eb ndryshme q\u00eb lidhen me Grantin e Performanc\u00ebs<\/p>\n","protected":false},"excerpt":{"rendered":"<p>K\u00ebtu mund t\u00eb gjeni botime t\u00eb ndryshme q\u00eb lidhen me Grantin e Performanc\u00ebs<\/p>\n","protected":false},"author":1,"featured_media":0,"parent":0,"menu_order":13,"comment_status":"closed","ping_status":"closed","template":"page-templates\/publications.php","meta":{"footnotes":""},"class_list":["post-2896","page","type-page","status-publish","hentry"],"_links":{"self":[{"href":"https:\/\/helvetas-ks.org\/demos_two\/sq\/wp-json\/wp\/v2\/pages\/2896\/"}],"collection":[{"href":"https:\/\/helvetas-ks.org\/demos_two\/sq\/wp-json\/wp\/v2\/pages\/"}],"about":[{"href":"https:\/\/helvetas-ks.org\/demos_two\/sq\/wp-json\/wp\/v2\/types\/page\/"}],"author":[{"embeddable":true,"href":"https:\/\/helvetas-ks.org\/demos_two\/sq\/wp-json\/wp\/v2\/users\/1\/"}],"replies":[{"embeddable":true,"href":"https:\/\/helvetas-ks.org\/demos_two\/sq\/wp-json\/wp\/v2\/comments\/?post=2896"}],"version-history":[{"count":3,"href":"https:\/\/helvetas-ks.org\/demos_two\/sq\/wp-json\/wp\/v2\/pages\/2896\/revisions\/"}],"predecessor-version":[{"id":3949,"href":"https:\/\/helvetas-ks.org\/demos_two\/sq\/wp-json\/wp\/v2\/pages\/2896\/revisions\/3949\/"}],"wp:attachment":[{"href":"https:\/\/helvetas-ks.org\/demos_two\/sq\/wp-json\/wp\/v2\/media\/?parent=2896"}],"curies":[{"name":"wp","href":"https:\/\/api.w.org\/{rel}","templated":true}]}}