{"id":2892,"date":"2018-12-04T14:21:47","date_gmt":"2018-12-04T14:21:47","guid":{"rendered":"http:\/\/helvetas-ks.org\/demos\/capacity-development\/"},"modified":"2020-01-17T11:02:14","modified_gmt":"2020-01-17T11:02:14","slug":"zhvillimi-i-kapaciteteve","status":"publish","type":"page","link":"https:\/\/helvetas-ks.org\/demos_two\/sq\/zhvillimi-i-kapaciteteve\/","title":{"rendered":"Zhvillimi i Kapaciteteve"},"content":{"rendered":"<p style=\"font-weight: 400;\">K\u00ebtu mund t\u00eb gjeni botime t\u00eb ndryshme q\u00eb lidhen me zhvillimin e kapaciteteve t\u00eb zyrtarve komunal<\/p>\n","protected":false},"excerpt":{"rendered":"<p>K\u00ebtu mund t\u00eb gjeni botime t\u00eb ndryshme q\u00eb lidhen me zhvillimin e kapaciteteve t\u00eb zyrtarve komunal<\/p>\n","protected":false},"author":1,"featured_media":0,"parent":0,"menu_order":3,"comment_status":"closed","ping_status":"closed","template":"page-templates\/publications.php","meta":{"footnotes":""},"class_list":["post-2892","page","type-page","status-publish","hentry"],"_links":{"self":[{"href":"https:\/\/helvetas-ks.org\/demos_two\/sq\/wp-json\/wp\/v2\/pages\/2892\/"}],"collection":[{"href":"https:\/\/helvetas-ks.org\/demos_two\/sq\/wp-json\/wp\/v2\/pages\/"}],"about":[{"href":"https:\/\/helvetas-ks.org\/demos_two\/sq\/wp-json\/wp\/v2\/types\/page\/"}],"author":[{"embeddable":true,"href":"https:\/\/helvetas-ks.org\/demos_two\/sq\/wp-json\/wp\/v2\/users\/1\/"}],"replies":[{"embeddable":true,"href":"https:\/\/helvetas-ks.org\/demos_two\/sq\/wp-json\/wp\/v2\/comments\/?post=2892"}],"version-history":[{"count":4,"href":"https:\/\/helvetas-ks.org\/demos_two\/sq\/wp-json\/wp\/v2\/pages\/2892\/revisions\/"}],"predecessor-version":[{"id":3953,"href":"https:\/\/helvetas-ks.org\/demos_two\/sq\/wp-json\/wp\/v2\/pages\/2892\/revisions\/3953\/"}],"wp:attachment":[{"href":"https:\/\/helvetas-ks.org\/demos_two\/sq\/wp-json\/wp\/v2\/media\/?parent=2892"}],"curies":[{"name":"wp","href":"https:\/\/api.w.org\/{rel}","templated":true}]}}