{"id":2806,"date":"2018-11-21T13:41:17","date_gmt":"2018-11-21T13:41:17","guid":{"rendered":"http:\/\/helvetas-ks.org\/demos\/?page_id=2806"},"modified":"2020-01-17T11:02:14","modified_gmt":"2020-01-17T11:02:14","slug":"politikat-e-privatesise","status":"publish","type":"page","link":"https:\/\/helvetas-ks.org\/demos_two\/sq\/politikat-e-privatesise\/","title":{"rendered":"Politikat e privat\u00ebsis\u00eb"},"content":{"rendered":"<p>Permes vazhdimit t\u00eb shfletimit t\u00eb faqes son\u00eb t\u00eb internetit, ju pranoni p\u00ebrdorimin e cookies.<\/p>\n<p><strong>\u00c7far\u00eb p\u00ebrmban nj\u00eb cookie?<\/strong><\/p>\n<p>Nj\u00eb cookie \u00ebsht\u00eb nj\u00eb skedar i thjesht\u00eb tekstual q\u00eb ruhet n\u00eb kompjuterin ose pajisjen tuaj mobile nga server i ueb-faqes dhe vet\u00ebm ai server do t\u00eb jet\u00eb n\u00eb gjendje t\u00eb qaset ose t\u00eb lexoj\u00eb p\u00ebrmbajtjen e atij cookie. Secila cookie \u00ebsht\u00eb unike ndaj shfletuesit tuaj t\u00eb internetit. Do t\u00eb p\u00ebrmbaj\u00eb disa informacione anonime t\u00eb tilla si nj\u00eb identifikues unik dhe emri i faqes si dhe disa shifra dhe numra. Kjo i mund\u00ebson nj\u00eb faqe interneti q\u00eb t\u00eb ruaj gj\u00ebrat e tilla si\u00e7 jan\u00eb preferencat tuaja ose \u00e7far\u00eb q\u00eb \u00ebsht\u00eb n\u00eb shport\u00ebn tuaj t\u00eb blerjes.<\/p>\n<p>Ueb faqja e DEMOS p\u00ebrdor cookies p\u00ebr t&#8217;ju ofruar juve nj\u00eb p\u00ebrvoj\u00eb m\u00eb t\u00eb mir\u00eb gjat\u00eb shfletimit.<\/p>\n<p><strong>Ne p\u00ebrdorim Cookies n\u00eb vijim:<\/strong><\/p>\n<p><strong>Analytics cookies:<\/strong>\u00a0Google Analytics mbledh informacione duke na mund\u00ebsuar t\u00eb kuptojm\u00eb nd\u00ebrveprimet me ueb faqet tona dhe p\u00ebrfundimisht kan\u00eb p\u00ebr qellim p\u00ebrmir\u00ebsimin e p\u00ebrvoj\u00ebs p\u00ebr t&#8217;ju sh\u00ebrbyer juve m\u00eb mir\u00eb.<\/p>\n<p><strong>Social Network Widgets<\/strong>: Sh\u00ebrbimi yn\u00eb ka butona ose ikona t\u00eb ofruara nga ofruesit e medias sociale t\u00eb pal\u00ebve t\u00eb treta (p.sh. Facebook) q\u00eb ju mund\u00ebson t\u00eb bashk\u00ebveproni me ato sh\u00ebrbime t\u00eb mediave sociale n\u00eb rast kur bashk\u00ebveproni me Sh\u00ebrbimin ton\u00eb. K\u00ebto vegla sociale mund t\u00eb mbledhin t\u00eb dh\u00ebna t\u00eb shfletimit, p\u00ebrfshir\u00eb mbledhjen p\u00ebrmes cookies dhe teknologjive t\u00eb ngjashme, t\u00eb cilat mund t\u00eb pranohen nga pala e tret\u00eb q\u00eb kan\u00eb ofruar at\u00eb veg\u00ebl dhe kontrollohen nga ato pal\u00eb t\u00eb treta. Ju lutemi rishikoni politikat e privat\u00ebsis\u00eb dhe parametrat e privat\u00ebsis\u00eb s\u00eb mediave t\u00eb aplikueshme sociale para se t\u00eb p\u00ebrdorni funksionet e tilla n\u00eb Sh\u00ebrbimin ton\u00eb.<\/p>\n<p><strong>Cookie p\u00ebr gjuh\u00eb<\/strong> &#8211; p\u00ebrdor\u00ebn p\u00ebr t\u00eb mb\u00ebshtetur filtrimin e gjuh\u00ebs p\u00ebr AJAX<\/p>\n<p><strong>Session cookies:<\/strong>\u00a0N\u00eb mungese t\u00eb session cookies, ueb faqet dhe server\u00ebt e tyre nuk do t\u00eb kishin memorie. Nj\u00eb cookie, si nj\u00eb \u00e7el\u00ebs, mund\u00ebson kalimin e shpejt\u00eb nga nj\u00eb vend n\u00eb tjetrin. Pa cookie \u00e7do her\u00eb q\u00eb hapni nj\u00eb ueb faqe t\u00eb re, serveri ku \u00ebsht\u00eb ruajtur faqja do t&#8217;ju trajtoj\u00eb si nj\u00eb vizitor krejt\u00ebsisht t\u00eb ri. Ne p\u00ebrdorim k\u00ebto cookies p\u00ebr t&#8217;ju ofruar juve nj\u00eb p\u00ebrvoj\u00eb m\u00eb t\u00eb mir\u00eb gjat\u00eb shfletimit t\u00eb faqes son\u00eb. K\u00ebto cookies skadojn\u00eb kur mbyllet shfletuesi.<\/p>\n","protected":false},"excerpt":{"rendered":"<p>Permes vazhdimit t\u00eb shfletimit t\u00eb faqes son\u00eb t\u00eb internetit, ju pranoni p\u00ebrdorimin e cookies. \u00c7far\u00eb p\u00ebrmban nj\u00eb cookie? Nj\u00eb cookie \u00ebsht\u00eb nj\u00eb skedar i thjesht\u00eb tekstual q\u00eb ruhet n\u00eb kompjuterin ose pajisjen tuaj mobile nga server i ueb-faqes dhe vet\u00ebm ai server do t\u00eb jet\u00eb n\u00eb gjendje t\u00eb qaset ose [&hellip;]<\/p>\n","protected":false},"author":1,"featured_media":0,"parent":0,"menu_order":19,"comment_status":"closed","ping_status":"closed","template":"","meta":{"footnotes":""},"class_list":["post-2806","page","type-page","status-publish","hentry"],"_links":{"self":[{"href":"https:\/\/helvetas-ks.org\/demos_two\/sq\/wp-json\/wp\/v2\/pages\/2806\/"}],"collection":[{"href":"https:\/\/helvetas-ks.org\/demos_two\/sq\/wp-json\/wp\/v2\/pages\/"}],"about":[{"href":"https:\/\/helvetas-ks.org\/demos_two\/sq\/wp-json\/wp\/v2\/types\/page\/"}],"author":[{"embeddable":true,"href":"https:\/\/helvetas-ks.org\/demos_two\/sq\/wp-json\/wp\/v2\/users\/1\/"}],"replies":[{"embeddable":true,"href":"https:\/\/helvetas-ks.org\/demos_two\/sq\/wp-json\/wp\/v2\/comments\/?post=2806"}],"version-history":[{"count":3,"href":"https:\/\/helvetas-ks.org\/demos_two\/sq\/wp-json\/wp\/v2\/pages\/2806\/revisions\/"}],"predecessor-version":[{"id":2811,"href":"https:\/\/helvetas-ks.org\/demos_two\/sq\/wp-json\/wp\/v2\/pages\/2806\/revisions\/2811\/"}],"wp:attachment":[{"href":"https:\/\/helvetas-ks.org\/demos_two\/sq\/wp-json\/wp\/v2\/media\/?parent=2806"}],"curies":[{"name":"wp","href":"https:\/\/api.w.org\/{rel}","templated":true}]}}