{"id":1671,"date":"2018-09-11T08:42:18","date_gmt":"2018-09-11T08:42:18","guid":{"rendered":"http:\/\/helvetas-ks.org\/demos\/?page_id=1671"},"modified":"2018-09-28T15:02:03","modified_gmt":"2018-09-28T15:02:03","slug":"menaxhimi-i-komunave","status":"publish","type":"page","link":"https:\/\/helvetas-ks.org\/demos_two\/sq\/1537-2\/menaxhimi-i-komunave\/","title":{"rendered":"MENAXHIMI I KOMUNAVE"},"content":{"rendered":"<p>DEMOS mb\u00ebshtet komunat q\u00eb t\u00eb aplikojn\u00eb praktika t\u00eb sh\u00ebndosha t\u00eb menaxhimit t\u00eb burimeve njer\u00ebzore dhe financiare.<\/p>\n<p>P\u00ebrmes mekanizmave t\u00eb vet kryesor, Grantit t\u00eb Performanc\u00ebs dhe asistenc\u00ebs teknike, DEMOS ofron mjetet dhe metodologjin\u00eb n\u00eb dispozicion p\u00ebr komunat t\u00eb cilat tematikisht jan\u00eb t\u00eb lidhura me dob\u00ebsit\u00eb e zbuluara n\u00eb analizat vjetore t\u00eb t\u00eb dh\u00ebnave t\u00eb performanc\u00ebs.<\/p>\n<div class='owl-carousel owl-theme richtext-carousel'><div class='item'><img src='https:\/\/helvetas-ks.org\/demos_two\/wp-content\/uploads\/2018\/09\/P6180870-520x355.jpg' alt=''><\/div><div class='item'><img src='https:\/\/helvetas-ks.org\/demos_two\/wp-content\/uploads\/2018\/09\/P6170365-2-520x355.jpg' alt=''><\/div><div class='item'><img src='https:\/\/helvetas-ks.org\/demos_two\/wp-content\/uploads\/2018\/09\/IMG_5429-520x355.jpg' alt=''><\/div><div class='item'><img src='https:\/\/helvetas-ks.org\/demos_two\/wp-content\/uploads\/2018\/09\/DSC02363-1-520x355.jpg' alt=''><\/div><\/div>\n","protected":false},"excerpt":{"rendered":"<p>DEMOS mb\u00ebshtet komunat q\u00eb t\u00eb aplikojn\u00eb praktika t\u00eb sh\u00ebndosha t\u00eb menaxhimit t\u00eb burimeve njer\u00ebzore dhe financiare. P\u00ebrmes mekanizmave t\u00eb vet kryesor, Grantit t\u00eb Performanc\u00ebs dhe asistenc\u00ebs teknike, DEMOS ofron mjetet dhe metodologjin\u00eb n\u00eb dispozicion p\u00ebr komunat t\u00eb cilat tematikisht jan\u00eb t\u00eb lidhura me dob\u00ebsit\u00eb e zbuluara n\u00eb analizat vjetore t\u00eb [&hellip;]<\/p>\n","protected":false},"author":1,"featured_media":2457,"parent":1537,"menu_order":4,"comment_status":"closed","ping_status":"closed","template":"","meta":{"footnotes":""},"class_list":["post-1671","page","type-page","status-publish","has-post-thumbnail","hentry"],"_links":{"self":[{"href":"https:\/\/helvetas-ks.org\/demos_two\/sq\/wp-json\/wp\/v2\/pages\/1671\/"}],"collection":[{"href":"https:\/\/helvetas-ks.org\/demos_two\/sq\/wp-json\/wp\/v2\/pages\/"}],"about":[{"href":"https:\/\/helvetas-ks.org\/demos_two\/sq\/wp-json\/wp\/v2\/types\/page\/"}],"author":[{"embeddable":true,"href":"https:\/\/helvetas-ks.org\/demos_two\/sq\/wp-json\/wp\/v2\/users\/1\/"}],"replies":[{"embeddable":true,"href":"https:\/\/helvetas-ks.org\/demos_two\/sq\/wp-json\/wp\/v2\/comments\/?post=1671"}],"version-history":[{"count":5,"href":"https:\/\/helvetas-ks.org\/demos_two\/sq\/wp-json\/wp\/v2\/pages\/1671\/revisions\/"}],"predecessor-version":[{"id":2461,"href":"https:\/\/helvetas-ks.org\/demos_two\/sq\/wp-json\/wp\/v2\/pages\/1671\/revisions\/2461\/"}],"up":[{"embeddable":true,"href":"https:\/\/helvetas-ks.org\/demos_two\/sq\/wp-json\/wp\/v2\/pages\/1537\/"}],"wp:featuredmedia":[{"embeddable":true,"href":"https:\/\/helvetas-ks.org\/demos_two\/sq\/wp-json\/wp\/v2\/media\/2457\/"}],"wp:attachment":[{"href":"https:\/\/helvetas-ks.org\/demos_two\/sq\/wp-json\/wp\/v2\/media\/?parent=1671"}],"curies":[{"name":"wp","href":"https:\/\/api.w.org\/{rel}","templated":true}]}}