{"id":1576,"date":"2018-09-06T14:40:15","date_gmt":"2018-09-06T14:40:15","guid":{"rendered":"http:\/\/helvetas-ks.org\/demos\/?page_id=1576"},"modified":"2018-10-02T09:31:56","modified_gmt":"2018-10-02T09:31:56","slug":"video","status":"publish","type":"page","link":"https:\/\/helvetas-ks.org\/demos_two\/sq\/biblioteka-digjitale\/video\/","title":{"rendered":"Video"},"content":{"rendered":"<p>Shiqoni videot tona p\u00ebr t\u00eb m\u00ebsuar rreth pun\u00ebs s\u00eb projektit ton\u00eb.<\/p>\n","protected":false},"excerpt":{"rendered":"<p>Shiqoni videot tona p\u00ebr t\u00eb m\u00ebsuar rreth pun\u00ebs s\u00eb projektit ton\u00eb.<\/p>\n","protected":false},"author":1,"featured_media":0,"parent":1568,"menu_order":1,"comment_status":"closed","ping_status":"closed","template":"page-templates\/video-gallery.php","meta":{"footnotes":""},"class_list":["post-1576","page","type-page","status-publish","hentry"],"_links":{"self":[{"href":"https:\/\/helvetas-ks.org\/demos_two\/sq\/wp-json\/wp\/v2\/pages\/1576\/"}],"collection":[{"href":"https:\/\/helvetas-ks.org\/demos_two\/sq\/wp-json\/wp\/v2\/pages\/"}],"about":[{"href":"https:\/\/helvetas-ks.org\/demos_two\/sq\/wp-json\/wp\/v2\/types\/page\/"}],"author":[{"embeddable":true,"href":"https:\/\/helvetas-ks.org\/demos_two\/sq\/wp-json\/wp\/v2\/users\/1\/"}],"replies":[{"embeddable":true,"href":"https:\/\/helvetas-ks.org\/demos_two\/sq\/wp-json\/wp\/v2\/comments\/?post=1576"}],"version-history":[{"count":5,"href":"https:\/\/helvetas-ks.org\/demos_two\/sq\/wp-json\/wp\/v2\/pages\/1576\/revisions\/"}],"predecessor-version":[{"id":2505,"href":"https:\/\/helvetas-ks.org\/demos_two\/sq\/wp-json\/wp\/v2\/pages\/1576\/revisions\/2505\/"}],"up":[{"embeddable":true,"href":"https:\/\/helvetas-ks.org\/demos_two\/sq\/wp-json\/wp\/v2\/pages\/1568\/"}],"wp:attachment":[{"href":"https:\/\/helvetas-ks.org\/demos_two\/sq\/wp-json\/wp\/v2\/media\/?parent=1576"}],"curies":[{"name":"wp","href":"https:\/\/api.w.org\/{rel}","templated":true}]}}