{"id":1572,"date":"2018-09-06T14:36:28","date_gmt":"2018-09-06T14:36:28","guid":{"rendered":"http:\/\/helvetas-ks.org\/demos\/?page_id=1572"},"modified":"2018-10-02T09:32:44","modified_gmt":"2018-10-02T09:32:44","slug":"blogu","status":"publish","type":"page","link":"https:\/\/helvetas-ks.org\/demos_two\/sq\/lajmet\/blogu\/","title":{"rendered":"Blogu"},"content":{"rendered":"<p>Lexoni postimet tona t\u00eb fundit n\u00eb rubrik\u00ebn e blogut, p\u00ebr \u00e7\u00ebshtje t\u00eb ndryshme aktuale nga projeki jon\u00eb dhe projekte t\u00eb tjera t\u00eb Helvetas-it nga e gjith\u00eb bota.<\/p>\n","protected":false},"excerpt":{"rendered":"<p>Lexoni postimet tona t\u00eb fundit n\u00eb rubrik\u00ebn e blogut, p\u00ebr \u00e7\u00ebshtje t\u00eb ndryshme aktuale nga projeki jon\u00eb dhe projekte t\u00eb tjera t\u00eb Helvetas-it nga e gjith\u00eb bota.<\/p>\n","protected":false},"author":1,"featured_media":1824,"parent":123,"menu_order":2,"comment_status":"closed","ping_status":"closed","template":"page-templates\/blogs.php","meta":{"footnotes":""},"class_list":["post-1572","page","type-page","status-publish","has-post-thumbnail","hentry"],"_links":{"self":[{"href":"https:\/\/helvetas-ks.org\/demos_two\/sq\/wp-json\/wp\/v2\/pages\/1572\/"}],"collection":[{"href":"https:\/\/helvetas-ks.org\/demos_two\/sq\/wp-json\/wp\/v2\/pages\/"}],"about":[{"href":"https:\/\/helvetas-ks.org\/demos_two\/sq\/wp-json\/wp\/v2\/types\/page\/"}],"author":[{"embeddable":true,"href":"https:\/\/helvetas-ks.org\/demos_two\/sq\/wp-json\/wp\/v2\/users\/1\/"}],"replies":[{"embeddable":true,"href":"https:\/\/helvetas-ks.org\/demos_two\/sq\/wp-json\/wp\/v2\/comments\/?post=1572"}],"version-history":[{"count":3,"href":"https:\/\/helvetas-ks.org\/demos_two\/sq\/wp-json\/wp\/v2\/pages\/1572\/revisions\/"}],"predecessor-version":[{"id":2506,"href":"https:\/\/helvetas-ks.org\/demos_two\/sq\/wp-json\/wp\/v2\/pages\/1572\/revisions\/2506\/"}],"up":[{"embeddable":true,"href":"https:\/\/helvetas-ks.org\/demos_two\/sq\/wp-json\/wp\/v2\/pages\/123\/"}],"wp:featuredmedia":[{"embeddable":true,"href":"https:\/\/helvetas-ks.org\/demos_two\/sq\/wp-json\/wp\/v2\/media\/1824\/"}],"wp:attachment":[{"href":"https:\/\/helvetas-ks.org\/demos_two\/sq\/wp-json\/wp\/v2\/media\/?parent=1572"}],"curies":[{"name":"wp","href":"https:\/\/api.w.org\/{rel}","templated":true}]}}