{"id":1570,"date":"2018-09-06T14:36:11","date_gmt":"2018-09-06T14:36:11","guid":{"rendered":"http:\/\/helvetas-ks.org\/demos\/?page_id=1570"},"modified":"2018-10-02T09:29:41","modified_gmt":"2018-10-02T09:29:41","slug":"historite-e-suksesit","status":"publish","type":"page","link":"https:\/\/helvetas-ks.org\/demos_two\/sq\/lajmet\/historite-e-suksesit\/","title":{"rendered":"Historit\u00eb e suksesit"},"content":{"rendered":"<p>Lexoni p\u00ebr sukseset tona p\u00ebr t\u00eb kuptuar m\u00eb shum\u00eb rreth projekteve dhe rezultatet q\u00eb ato arrijn\u00eb. Tregime frym\u00ebzuese q\u00eb i motivojn\u00eb njer\u00ebzit p\u00ebr t\u00eb b\u00ebr\u00eb nj\u00eb ndryshim pozitiv n\u00eb komunitetet e tyre.<\/p>\n","protected":false},"excerpt":{"rendered":"<p>Lexoni p\u00ebr sukseset tona p\u00ebr t\u00eb kuptuar m\u00eb shum\u00eb rreth projekteve dhe rezultatet q\u00eb ato arrijn\u00eb. Tregime frym\u00ebzuese q\u00eb i motivojn\u00eb njer\u00ebzit p\u00ebr t\u00eb b\u00ebr\u00eb nj\u00eb ndryshim pozitiv n\u00eb komunitetet e tyre.<\/p>\n","protected":false},"author":1,"featured_media":0,"parent":123,"menu_order":1,"comment_status":"closed","ping_status":"closed","template":"page-templates\/success-stories.php","meta":{"footnotes":""},"class_list":["post-1570","page","type-page","status-publish","hentry"],"_links":{"self":[{"href":"https:\/\/helvetas-ks.org\/demos_two\/sq\/wp-json\/wp\/v2\/pages\/1570\/"}],"collection":[{"href":"https:\/\/helvetas-ks.org\/demos_two\/sq\/wp-json\/wp\/v2\/pages\/"}],"about":[{"href":"https:\/\/helvetas-ks.org\/demos_two\/sq\/wp-json\/wp\/v2\/types\/page\/"}],"author":[{"embeddable":true,"href":"https:\/\/helvetas-ks.org\/demos_two\/sq\/wp-json\/wp\/v2\/users\/1\/"}],"replies":[{"embeddable":true,"href":"https:\/\/helvetas-ks.org\/demos_two\/sq\/wp-json\/wp\/v2\/comments\/?post=1570"}],"version-history":[{"count":3,"href":"https:\/\/helvetas-ks.org\/demos_two\/sq\/wp-json\/wp\/v2\/pages\/1570\/revisions\/"}],"predecessor-version":[{"id":2501,"href":"https:\/\/helvetas-ks.org\/demos_two\/sq\/wp-json\/wp\/v2\/pages\/1570\/revisions\/2501\/"}],"up":[{"embeddable":true,"href":"https:\/\/helvetas-ks.org\/demos_two\/sq\/wp-json\/wp\/v2\/pages\/123\/"}],"wp:attachment":[{"href":"https:\/\/helvetas-ks.org\/demos_two\/sq\/wp-json\/wp\/v2\/media\/?parent=1570"}],"curies":[{"name":"wp","href":"https:\/\/api.w.org\/{rel}","templated":true}]}}