{"id":1568,"date":"2018-09-06T14:35:48","date_gmt":"2018-09-06T14:35:48","guid":{"rendered":"http:\/\/helvetas-ks.org\/demos\/?page_id=1568"},"modified":"2020-01-17T11:02:15","modified_gmt":"2020-01-17T11:02:15","slug":"biblioteka-digjitale","status":"publish","type":"page","link":"https:\/\/helvetas-ks.org\/demos_two\/sq\/biblioteka-digjitale\/","title":{"rendered":"Biblioteka Digjitale"},"content":{"rendered":"<p>Ne do t&#8217;ju sjellim m\u00eb af\u00ebr pun\u00ebs son\u00eb p\u00ebrmes videove dhe publikimeve t\u00eb ndryshme.<\/p>\n","protected":false},"excerpt":{"rendered":"<p>Ne do t&#8217;ju sjellim m\u00eb af\u00ebr pun\u00ebs son\u00eb p\u00ebrmes videove dhe publikimeve t\u00eb ndryshme.<\/p>\n","protected":false},"author":1,"featured_media":0,"parent":0,"menu_order":35,"comment_status":"closed","ping_status":"closed","template":"page-templates\/digital-library.php","meta":{"footnotes":""},"class_list":["post-1568","page","type-page","status-publish","hentry"],"_links":{"self":[{"href":"https:\/\/helvetas-ks.org\/demos_two\/sq\/wp-json\/wp\/v2\/pages\/1568\/"}],"collection":[{"href":"https:\/\/helvetas-ks.org\/demos_two\/sq\/wp-json\/wp\/v2\/pages\/"}],"about":[{"href":"https:\/\/helvetas-ks.org\/demos_two\/sq\/wp-json\/wp\/v2\/types\/page\/"}],"author":[{"embeddable":true,"href":"https:\/\/helvetas-ks.org\/demos_two\/sq\/wp-json\/wp\/v2\/users\/1\/"}],"replies":[{"embeddable":true,"href":"https:\/\/helvetas-ks.org\/demos_two\/sq\/wp-json\/wp\/v2\/comments\/?post=1568"}],"version-history":[{"count":2,"href":"https:\/\/helvetas-ks.org\/demos_two\/sq\/wp-json\/wp\/v2\/pages\/1568\/revisions\/"}],"predecessor-version":[{"id":1929,"href":"https:\/\/helvetas-ks.org\/demos_two\/sq\/wp-json\/wp\/v2\/pages\/1568\/revisions\/1929\/"}],"wp:attachment":[{"href":"https:\/\/helvetas-ks.org\/demos_two\/sq\/wp-json\/wp\/v2\/media\/?parent=1568"}],"curies":[{"name":"wp","href":"https:\/\/api.w.org\/{rel}","templated":true}]}}