{"id":1562,"date":"2018-09-06T14:32:05","date_gmt":"2018-09-06T14:32:05","guid":{"rendered":"http:\/\/helvetas-ks.org\/demos\/?page_id=1562"},"modified":"2018-09-28T15:04:22","modified_gmt":"2018-09-28T15:04:22","slug":"politikat","status":"publish","type":"page","link":"https:\/\/helvetas-ks.org\/demos_two\/sq\/1537-2\/politikat\/","title":{"rendered":"Politikat"},"content":{"rendered":"<p>DEMOS mb\u00ebshtet hartimin e ligjeve, politikave dhe programeve t\u00eb reformave p\u00ebr t\u00eb adresuar pengesat kryesore t\u00eb politikave p\u00ebr nj\u00eb qeverisje efektive t\u00eb decentralizuar.<\/p>\n<p>Qeveris\u00eb qendrore do t&#8217;i ofrohet asistenc\u00eb teknike p\u00ebr kryerjen e analizave t\u00eb detajuara, zhvillimin e opsioneve t\u00eb politikave, dh\u00ebnien e k\u00ebshillave t\u00eb politikave dhe koordinimin me Asociacionin e Komunave t\u00eb Kosov\u00ebs (AKK) dhe akter\u00ebt e tjer\u00eb t\u00eb ngjash\u00ebm.<\/p>\n<p>&nbsp;<\/p>\n<div class='owl-carousel owl-theme richtext-carousel'><div class='item'><img src='https:\/\/helvetas-ks.org\/demos_two\/wp-content\/uploads\/2018\/09\/DSC03029-1-520x355.jpg' alt=''><\/div><div class='item'><img src='https:\/\/helvetas-ks.org\/demos_two\/wp-content\/uploads\/2018\/09\/20150609_113707-520x355.jpg' alt=''><\/div><\/div>\n","protected":false},"excerpt":{"rendered":"<p>DEMOS mb\u00ebshtet hartimin e ligjeve, politikave dhe programeve t\u00eb reformave p\u00ebr t\u00eb adresuar pengesat kryesore t\u00eb politikave p\u00ebr nj\u00eb qeverisje efektive t\u00eb decentralizuar. Qeveris\u00eb qendrore do t&#8217;i ofrohet asistenc\u00eb teknike p\u00ebr kryerjen e analizave t\u00eb detajuara, zhvillimin e opsioneve t\u00eb politikave, dh\u00ebnien e k\u00ebshillave t\u00eb politikave dhe koordinimin me Asociacionin [&hellip;]<\/p>\n","protected":false},"author":1,"featured_media":2464,"parent":1537,"menu_order":5,"comment_status":"closed","ping_status":"closed","template":"","meta":{"footnotes":""},"class_list":["post-1562","page","type-page","status-publish","has-post-thumbnail","hentry"],"_links":{"self":[{"href":"https:\/\/helvetas-ks.org\/demos_two\/sq\/wp-json\/wp\/v2\/pages\/1562\/"}],"collection":[{"href":"https:\/\/helvetas-ks.org\/demos_two\/sq\/wp-json\/wp\/v2\/pages\/"}],"about":[{"href":"https:\/\/helvetas-ks.org\/demos_two\/sq\/wp-json\/wp\/v2\/types\/page\/"}],"author":[{"embeddable":true,"href":"https:\/\/helvetas-ks.org\/demos_two\/sq\/wp-json\/wp\/v2\/users\/1\/"}],"replies":[{"embeddable":true,"href":"https:\/\/helvetas-ks.org\/demos_two\/sq\/wp-json\/wp\/v2\/comments\/?post=1562"}],"version-history":[{"count":4,"href":"https:\/\/helvetas-ks.org\/demos_two\/sq\/wp-json\/wp\/v2\/pages\/1562\/revisions\/"}],"predecessor-version":[{"id":2471,"href":"https:\/\/helvetas-ks.org\/demos_two\/sq\/wp-json\/wp\/v2\/pages\/1562\/revisions\/2471\/"}],"up":[{"embeddable":true,"href":"https:\/\/helvetas-ks.org\/demos_two\/sq\/wp-json\/wp\/v2\/pages\/1537\/"}],"wp:featuredmedia":[{"embeddable":true,"href":"https:\/\/helvetas-ks.org\/demos_two\/sq\/wp-json\/wp\/v2\/media\/2464\/"}],"wp:attachment":[{"href":"https:\/\/helvetas-ks.org\/demos_two\/sq\/wp-json\/wp\/v2\/media\/?parent=1562"}],"curies":[{"name":"wp","href":"https:\/\/api.w.org\/{rel}","templated":true}]}}