{"id":1560,"date":"2018-09-06T14:31:16","date_gmt":"2018-09-06T14:31:16","guid":{"rendered":"http:\/\/helvetas-ks.org\/demos\/?page_id=1560"},"modified":"2018-09-28T15:06:51","modified_gmt":"2018-09-28T15:06:51","slug":"transparenca-dhe-integriteti","status":"publish","type":"page","link":"https:\/\/helvetas-ks.org\/demos_two\/sq\/1537-2\/transparenca-dhe-integriteti\/","title":{"rendered":"Transparenca Dhe Integriteti"},"content":{"rendered":"<p>DEMOS II mb\u00ebshtet komunat q\u00eb t\u00eb veprojn\u00eb n\u00eb m\u00ebnyr\u00eb m\u00eb transparente dhe t\u00eb ofrojn\u00eb qasje adekuate n\u00eb informacionin publik.<\/p>\n<p>P\u00ebrmes mekanizmave t\u00eb vet kryesor, Grantit t\u00eb Performanc\u00ebs dhe asistenc\u00ebs teknike, DEMOS ofron mjetet dhe metodologjin\u00eb n\u00eb dispozicion p\u00ebr komunat t\u00eb cilat tematikisht jan\u00eb t\u00eb lidhura me dob\u00ebsit\u00eb e zbuluara n\u00eb analizat vjetore t\u00eb t\u00eb dh\u00ebnave t\u00eb performanc\u00ebs.<\/p>\n<div class='owl-carousel owl-theme richtext-carousel'><div class='item'><img src='https:\/\/helvetas-ks.org\/demos_two\/wp-content\/uploads\/2018\/09\/Workshop-inclusion-08_edited-520x355.jpg' alt=''><\/div><div class='item'><img src='https:\/\/helvetas-ks.org\/demos_two\/wp-content\/uploads\/2018\/09\/Workshop-inclusion-08.05-5-520x355.jpg' alt=''><\/div><div class='item'><img src='https:\/\/helvetas-ks.org\/demos_two\/wp-content\/uploads\/2018\/09\/P6170515-520x355.jpg' alt=''><\/div><div class='item'><img src='https:\/\/helvetas-ks.org\/demos_two\/wp-content\/uploads\/2018\/09\/IMG_5542-520x355.jpg' alt=''><\/div><div class='item'><img src='https:\/\/helvetas-ks.org\/demos_two\/wp-content\/uploads\/2018\/09\/20130227_135441-520x355.jpg' alt=''><\/div><\/div>\n","protected":false},"excerpt":{"rendered":"<p>DEMOS II mb\u00ebshtet komunat q\u00eb t\u00eb veprojn\u00eb n\u00eb m\u00ebnyr\u00eb m\u00eb transparente dhe t\u00eb ofrojn\u00eb qasje adekuate n\u00eb informacionin publik. P\u00ebrmes mekanizmave t\u00eb vet kryesor, Grantit t\u00eb Performanc\u00ebs dhe asistenc\u00ebs teknike, DEMOS ofron mjetet dhe metodologjin\u00eb n\u00eb dispozicion p\u00ebr komunat t\u00eb cilat tematikisht jan\u00eb t\u00eb lidhura me dob\u00ebsit\u00eb e zbuluara n\u00eb [&hellip;]<\/p>\n","protected":false},"author":1,"featured_media":2484,"parent":1537,"menu_order":6,"comment_status":"closed","ping_status":"closed","template":"","meta":{"footnotes":""},"class_list":["post-1560","page","type-page","status-publish","has-post-thumbnail","hentry"],"_links":{"self":[{"href":"https:\/\/helvetas-ks.org\/demos_two\/sq\/wp-json\/wp\/v2\/pages\/1560\/"}],"collection":[{"href":"https:\/\/helvetas-ks.org\/demos_two\/sq\/wp-json\/wp\/v2\/pages\/"}],"about":[{"href":"https:\/\/helvetas-ks.org\/demos_two\/sq\/wp-json\/wp\/v2\/types\/page\/"}],"author":[{"embeddable":true,"href":"https:\/\/helvetas-ks.org\/demos_two\/sq\/wp-json\/wp\/v2\/users\/1\/"}],"replies":[{"embeddable":true,"href":"https:\/\/helvetas-ks.org\/demos_two\/sq\/wp-json\/wp\/v2\/comments\/?post=1560"}],"version-history":[{"count":5,"href":"https:\/\/helvetas-ks.org\/demos_two\/sq\/wp-json\/wp\/v2\/pages\/1560\/revisions\/"}],"predecessor-version":[{"id":2490,"href":"https:\/\/helvetas-ks.org\/demos_two\/sq\/wp-json\/wp\/v2\/pages\/1560\/revisions\/2490\/"}],"up":[{"embeddable":true,"href":"https:\/\/helvetas-ks.org\/demos_two\/sq\/wp-json\/wp\/v2\/pages\/1537\/"}],"wp:featuredmedia":[{"embeddable":true,"href":"https:\/\/helvetas-ks.org\/demos_two\/sq\/wp-json\/wp\/v2\/media\/2484\/"}],"wp:attachment":[{"href":"https:\/\/helvetas-ks.org\/demos_two\/sq\/wp-json\/wp\/v2\/media\/?parent=1560"}],"curies":[{"name":"wp","href":"https:\/\/api.w.org\/{rel}","templated":true}]}}