{"id":1558,"date":"2018-09-06T14:29:57","date_gmt":"2018-09-06T14:29:57","guid":{"rendered":"http:\/\/helvetas-ks.org\/demos\/?page_id=1558"},"modified":"2018-09-17T08:38:26","modified_gmt":"2018-09-17T08:38:26","slug":"fletenotimet-e-komunave","status":"publish","type":"page","link":"https:\/\/helvetas-ks.org\/demos_two\/sq\/1537-2\/fletenotimet-e-komunave\/","title":{"rendered":"Flet\u00ebnotimet E Komunave"},"content":{"rendered":"<p>Flet\u00ebnotimet paraqesin rezultatet e grantit t\u00eb performanc\u00ebs t\u00eb t\u00eb gjitha 38 komunave n\u00eb Kosov\u00eb<\/p>\n","protected":false},"excerpt":{"rendered":"<p>Flet\u00ebnotimet paraqesin rezultatet e grantit t\u00eb performanc\u00ebs t\u00eb t\u00eb gjitha 38 komunave n\u00eb Kosov\u00eb<\/p>\n","protected":false},"author":1,"featured_media":0,"parent":1537,"menu_order":2,"comment_status":"closed","ping_status":"closed","template":"page-templates\/score-cards.php","meta":{"footnotes":""},"class_list":["post-1558","page","type-page","status-publish","hentry"],"_links":{"self":[{"href":"https:\/\/helvetas-ks.org\/demos_two\/sq\/wp-json\/wp\/v2\/pages\/1558\/"}],"collection":[{"href":"https:\/\/helvetas-ks.org\/demos_two\/sq\/wp-json\/wp\/v2\/pages\/"}],"about":[{"href":"https:\/\/helvetas-ks.org\/demos_two\/sq\/wp-json\/wp\/v2\/types\/page\/"}],"author":[{"embeddable":true,"href":"https:\/\/helvetas-ks.org\/demos_two\/sq\/wp-json\/wp\/v2\/users\/1\/"}],"replies":[{"embeddable":true,"href":"https:\/\/helvetas-ks.org\/demos_two\/sq\/wp-json\/wp\/v2\/comments\/?post=1558"}],"version-history":[{"count":2,"href":"https:\/\/helvetas-ks.org\/demos_two\/sq\/wp-json\/wp\/v2\/pages\/1558\/revisions\/"}],"predecessor-version":[{"id":1937,"href":"https:\/\/helvetas-ks.org\/demos_two\/sq\/wp-json\/wp\/v2\/pages\/1558\/revisions\/1937\/"}],"up":[{"embeddable":true,"href":"https:\/\/helvetas-ks.org\/demos_two\/sq\/wp-json\/wp\/v2\/pages\/1537\/"}],"wp:attachment":[{"href":"https:\/\/helvetas-ks.org\/demos_two\/sq\/wp-json\/wp\/v2\/media\/?parent=1558"}],"curies":[{"name":"wp","href":"https:\/\/api.w.org\/{rel}","templated":true}]}}