{"id":1556,"date":"2018-09-06T14:29:08","date_gmt":"2018-09-06T14:29:08","guid":{"rendered":"http:\/\/helvetas-ks.org\/demos\/?page_id=1556"},"modified":"2018-09-28T14:58:49","modified_gmt":"2018-09-28T14:58:49","slug":"qeverisja-lokale-demokratike","status":"publish","type":"page","link":"https:\/\/helvetas-ks.org\/demos_two\/sq\/1537-2\/qeverisja-lokale-demokratike\/","title":{"rendered":"Qeverisja Lokale Demokratike"},"content":{"rendered":"<p>DEMOS mb\u00ebshtet komunat p\u00ebr t\u00eb p\u00ebrmir\u00ebsuar funksionimin e kontrolleve dhe balancave komunale, p\u00ebr t\u00eb p\u00ebrfshir\u00eb gjithnj\u00eb e m\u00eb shum\u00eb qytetar\u00ebt n\u00eb proceset vendimmarr\u00ebse dhe p\u00ebr t\u00eb p\u00ebrfshir\u00eb m\u00eb shum\u00eb grupet e margjinalizuara.<\/p>\n<p>P\u00ebrmes mekanizmave t\u00eb vet kryesor, Grantit t\u00eb Performanc\u00ebs dhe asistenc\u00ebs teknike, DEMOS ofron mjetet dhe metodologjin\u00eb n\u00eb dispozicion p\u00ebr komunat t\u00eb cilat tematikisht jan\u00eb t\u00eb lidhura me dob\u00ebsit\u00eb e zbuluara n\u00eb analizat vjetore t\u00eb t\u00eb dh\u00ebnave t\u00eb performanc\u00ebs.<\/p>\n<div class='owl-carousel owl-theme richtext-carousel'><div class='item'><img src='https:\/\/helvetas-ks.org\/demos_two\/wp-content\/uploads\/2018\/09\/P6180783-1-520x355.jpg' alt=''><\/div><div class='item'><img src='https:\/\/helvetas-ks.org\/demos_two\/wp-content\/uploads\/2018\/09\/DSC_0751-1-520x355.jpg' alt=''><\/div><div class='item'><img src='https:\/\/helvetas-ks.org\/demos_two\/wp-content\/uploads\/2018\/09\/SDC-LOGOS-Novoberde-6802-520x352.jpg' alt=''><\/div><\/div>\n","protected":false},"excerpt":{"rendered":"<p>DEMOS mb\u00ebshtet komunat p\u00ebr t\u00eb p\u00ebrmir\u00ebsuar funksionimin e kontrolleve dhe balancave komunale, p\u00ebr t\u00eb p\u00ebrfshir\u00eb gjithnj\u00eb e m\u00eb shum\u00eb qytetar\u00ebt n\u00eb proceset vendimmarr\u00ebse dhe p\u00ebr t\u00eb p\u00ebrfshir\u00eb m\u00eb shum\u00eb grupet e margjinalizuara. P\u00ebrmes mekanizmave t\u00eb vet kryesor, Grantit t\u00eb Performanc\u00ebs dhe asistenc\u00ebs teknike, DEMOS ofron mjetet dhe metodologjin\u00eb n\u00eb dispozicion [&hellip;]<\/p>\n","protected":false},"author":1,"featured_media":2421,"parent":1537,"menu_order":3,"comment_status":"closed","ping_status":"closed","template":"","meta":{"footnotes":""},"class_list":["post-1556","page","type-page","status-publish","has-post-thumbnail","hentry"],"_links":{"self":[{"href":"https:\/\/helvetas-ks.org\/demos_two\/sq\/wp-json\/wp\/v2\/pages\/1556\/"}],"collection":[{"href":"https:\/\/helvetas-ks.org\/demos_two\/sq\/wp-json\/wp\/v2\/pages\/"}],"about":[{"href":"https:\/\/helvetas-ks.org\/demos_two\/sq\/wp-json\/wp\/v2\/types\/page\/"}],"author":[{"embeddable":true,"href":"https:\/\/helvetas-ks.org\/demos_two\/sq\/wp-json\/wp\/v2\/users\/1\/"}],"replies":[{"embeddable":true,"href":"https:\/\/helvetas-ks.org\/demos_two\/sq\/wp-json\/wp\/v2\/comments\/?post=1556"}],"version-history":[{"count":5,"href":"https:\/\/helvetas-ks.org\/demos_two\/sq\/wp-json\/wp\/v2\/pages\/1556\/revisions\/"}],"predecessor-version":[{"id":2445,"href":"https:\/\/helvetas-ks.org\/demos_two\/sq\/wp-json\/wp\/v2\/pages\/1556\/revisions\/2445\/"}],"up":[{"embeddable":true,"href":"https:\/\/helvetas-ks.org\/demos_two\/sq\/wp-json\/wp\/v2\/pages\/1537\/"}],"wp:featuredmedia":[{"embeddable":true,"href":"https:\/\/helvetas-ks.org\/demos_two\/sq\/wp-json\/wp\/v2\/media\/2421\/"}],"wp:attachment":[{"href":"https:\/\/helvetas-ks.org\/demos_two\/sq\/wp-json\/wp\/v2\/media\/?parent=1556"}],"curies":[{"name":"wp","href":"https:\/\/api.w.org\/{rel}","templated":true}]}}