{"id":1547,"date":"2018-07-30T11:50:07","date_gmt":"2018-07-30T11:50:07","guid":{"rendered":"http:\/\/helvetas-ks.org\/demos\/1537-2\/performance-grants\/"},"modified":"2020-06-12T09:18:09","modified_gmt":"2020-06-12T09:18:09","slug":"performance-grants","status":"publish","type":"page","link":"https:\/\/helvetas-ks.org\/demos_two\/sq\/1537-2\/performance-grants\/","title":{"rendered":"Granti I Performanc\u00ebs"},"content":{"rendered":"<p>Ne p\u00ebrkrahim t\u00eb gjitha 38 komunat e Kosov\u00ebs n\u00eb baz\u00eb t\u00eb performanc\u00ebs s\u00eb tyre, duke p\u00ebrdorur Grantin e Performanc\u00ebs si mjetin ton\u00eb kryesor. Duke zhvilluar konkurrenc\u00ebn n\u00eb mes t\u00eb komunave, grantet e performanc\u00ebs nxisin ndryshime pozitive n\u00eb sjelljen e komunave p\u00ebr p\u00ebrmir\u00ebsimin e qeverisjes demokratike, menaxhimin financiar dhe t\u00eb burimeve njer\u00ebzore, transparenc\u00ebn dhe integritetin<\/p>\n","protected":false},"excerpt":{"rendered":"<p>Ne p\u00ebrkrahim t\u00eb gjitha 38 komunat e Kosov\u00ebs n\u00eb baz\u00eb t\u00eb performanc\u00ebs s\u00eb tyre, duke p\u00ebrdorur Grantin e Performanc\u00ebs si mjetin ton\u00eb kryesor. Duke zhvilluar konkurrenc\u00ebn n\u00eb mes t\u00eb komunave, grantet e performanc\u00ebs nxisin ndryshime pozitive n\u00eb sjelljen e komunave p\u00ebr p\u00ebrmir\u00ebsimin e qeverisjes demokratike, menaxhimin financiar dhe t\u00eb burimeve [&hellip;]<\/p>\n","protected":false},"author":1,"featured_media":2415,"parent":1537,"menu_order":1,"comment_status":"closed","ping_status":"closed","template":"page-templates\/performance-grants.php","meta":{"footnotes":""},"class_list":["post-1547","page","type-page","status-publish","has-post-thumbnail","hentry"],"_links":{"self":[{"href":"https:\/\/helvetas-ks.org\/demos_two\/sq\/wp-json\/wp\/v2\/pages\/1547\/"}],"collection":[{"href":"https:\/\/helvetas-ks.org\/demos_two\/sq\/wp-json\/wp\/v2\/pages\/"}],"about":[{"href":"https:\/\/helvetas-ks.org\/demos_two\/sq\/wp-json\/wp\/v2\/types\/page\/"}],"author":[{"embeddable":true,"href":"https:\/\/helvetas-ks.org\/demos_two\/sq\/wp-json\/wp\/v2\/users\/1\/"}],"replies":[{"embeddable":true,"href":"https:\/\/helvetas-ks.org\/demos_two\/sq\/wp-json\/wp\/v2\/comments\/?post=1547"}],"version-history":[{"count":11,"href":"https:\/\/helvetas-ks.org\/demos_two\/sq\/wp-json\/wp\/v2\/pages\/1547\/revisions\/"}],"predecessor-version":[{"id":6042,"href":"https:\/\/helvetas-ks.org\/demos_two\/sq\/wp-json\/wp\/v2\/pages\/1547\/revisions\/6042\/"}],"up":[{"embeddable":true,"href":"https:\/\/helvetas-ks.org\/demos_two\/sq\/wp-json\/wp\/v2\/pages\/1537\/"}],"wp:featuredmedia":[{"embeddable":true,"href":"https:\/\/helvetas-ks.org\/demos_two\/sq\/wp-json\/wp\/v2\/media\/2415\/"}],"wp:attachment":[{"href":"https:\/\/helvetas-ks.org\/demos_two\/sq\/wp-json\/wp\/v2\/media\/?parent=1547"}],"curies":[{"name":"wp","href":"https:\/\/api.w.org\/{rel}","templated":true}]}}