{"id":1534,"date":"2018-09-06T12:25:28","date_gmt":"2018-09-06T12:25:28","guid":{"rendered":"http:\/\/helvetas-ks.org\/demos\/?page_id=1534"},"modified":"2018-09-28T09:33:35","modified_gmt":"2018-09-28T09:33:35","slug":"shpallje","status":"publish","type":"page","link":"https:\/\/helvetas-ks.org\/demos_two\/sq\/rreth-demos\/shpallje\/","title":{"rendered":"Shpallje"},"content":{"rendered":"<p>Lajmet rreth mund\u00ebsive p\u00ebr t&#8217;iu bashkuar ekipit ton\u00eb ose p\u00ebr t\u00eb ofertuar p\u00ebr sh\u00ebrbimet q\u00eb i nevojiten projektit mund t\u00eb gjenden n\u00eb k\u00ebt\u00eb seksion<\/p>\n","protected":false},"excerpt":{"rendered":"<p>Lajmet rreth mund\u00ebsive p\u00ebr t&#8217;iu bashkuar ekipit ton\u00eb ose p\u00ebr t\u00eb ofertuar p\u00ebr sh\u00ebrbimet q\u00eb i nevojiten projektit mund t\u00eb gjenden n\u00eb k\u00ebt\u00eb seksion<\/p>\n","protected":false},"author":1,"featured_media":0,"parent":1502,"menu_order":4,"comment_status":"closed","ping_status":"closed","template":"page-templates\/announcements.php","meta":{"footnotes":""},"class_list":["post-1534","page","type-page","status-publish","hentry"],"_links":{"self":[{"href":"https:\/\/helvetas-ks.org\/demos_two\/sq\/wp-json\/wp\/v2\/pages\/1534\/"}],"collection":[{"href":"https:\/\/helvetas-ks.org\/demos_two\/sq\/wp-json\/wp\/v2\/pages\/"}],"about":[{"href":"https:\/\/helvetas-ks.org\/demos_two\/sq\/wp-json\/wp\/v2\/types\/page\/"}],"author":[{"embeddable":true,"href":"https:\/\/helvetas-ks.org\/demos_two\/sq\/wp-json\/wp\/v2\/users\/1\/"}],"replies":[{"embeddable":true,"href":"https:\/\/helvetas-ks.org\/demos_two\/sq\/wp-json\/wp\/v2\/comments\/?post=1534"}],"version-history":[{"count":4,"href":"https:\/\/helvetas-ks.org\/demos_two\/sq\/wp-json\/wp\/v2\/pages\/1534\/revisions\/"}],"predecessor-version":[{"id":1953,"href":"https:\/\/helvetas-ks.org\/demos_two\/sq\/wp-json\/wp\/v2\/pages\/1534\/revisions\/1953\/"}],"up":[{"embeddable":true,"href":"https:\/\/helvetas-ks.org\/demos_two\/sq\/wp-json\/wp\/v2\/pages\/1502\/"}],"wp:attachment":[{"href":"https:\/\/helvetas-ks.org\/demos_two\/sq\/wp-json\/wp\/v2\/media\/?parent=1534"}],"curies":[{"name":"wp","href":"https:\/\/api.w.org\/{rel}","templated":true}]}}