{"id":1531,"date":"2018-08-28T13:54:57","date_gmt":"2018-08-28T13:54:57","guid":{"rendered":"http:\/\/helvetas-ks.org\/demos\/donor-implementer\/"},"modified":"2020-03-16T16:32:30","modified_gmt":"2020-03-16T16:32:30","slug":"donor-implementer","status":"publish","type":"page","link":"https:\/\/helvetas-ks.org\/demos_two\/sq\/rreth-demos\/donor-implementer\/","title":{"rendered":"Donatoret &#038; Partner\u00ebt Zbatues"},"content":{"rendered":"<p><strong>Donatori<\/strong><\/p>\n<p>Agjencia Zvicerane p\u00ebr Zhvillim dhe Bashk\u00ebpunim (SDC) s\u00eb qeveris\u00eb zvicerane p\u00ebr bashk\u00ebpunim nd\u00ebrkomb\u00ebtar. SDC \u00ebsht\u00eb p\u00ebrgjegj\u00ebse p\u00ebr bashk\u00ebpunimin zhvillimor me Jugun dhe Lindjen, bashk\u00ebpunimin shum\u00ebpal\u00ebsh si dhe p\u00ebr ndihm\u00ebn humanitare t\u00eb Zvicr\u00ebs.<\/p>\n<p>Duke filluar me ndihm\u00eb humanitare n\u00eb vitin 1998, bashk\u00ebpunimi i Zvicr\u00ebs me Kosov\u00ebn gjithnj\u00eb e m\u00eb shum\u00eb \u00ebsht\u00eb zhvendosur n\u00eb mb\u00ebshtetjen e proceseve t\u00eb tranzicionit. Q\u00ebllimi i p\u00ebrgjithsh\u00ebm i programit zviceran \u00ebsht\u00eb t\u00eb kontribuoj\u00eb n\u00eb p\u00ebrparimin e Kosov\u00ebs n\u00eb rrug\u00ebn e saj drejt integrimeve rajonale dhe evropiane, shoq\u00ebris\u00eb paq\u00ebsore dhe kohezive, duke siguruar qasje gjith\u00ebp\u00ebrfshir\u00ebse n\u00eb sh\u00ebrbimet esenciale, sundimin e ligjit dhe nj\u00eb ekonomi sociale t\u00eb tregut.<\/p>\n<p><a href=\"https:\/\/www.eda.admin.ch\/pristina\">https:\/\/www.eda.admin.ch\/pristina<\/a><\/p>\n<hr \/>\n<p>&nbsp;<\/p>\n<p>Objektivi i p\u00ebrgjithsh\u00ebm i bashk\u00ebpunimit suedez p\u00ebr reforma n\u00eb Kosov\u00eb \u00ebsht\u00eb leht\u00ebsimi i integrimit n\u00eb BE dhe zhvillimi i ekonomis\u00eb s\u00eb tregut, p\u00ebr t\u00eb p\u00ebrmir\u00ebsuar kushtet e jetes\u00ebs t\u00eb njer\u00ebzve dhe p\u00ebr t\u00eb reduktuar varf\u00ebrin\u00eb. Mb\u00ebshtetja ka fokusin n\u00eb reforma dhe n\u00eb forcimin e institucioneve publike, mb\u00ebshtetjen dhe kontribuimin p\u00ebr nj\u00eb shoq\u00ebri civile pluraliste, barazin\u00eb gjinore dhe respektimin e t\u00eb drejtave t\u00eb njeriut si dhe zhvillimin e q\u00ebndruesh\u00ebm mjedisor. Suedia \u00ebsht\u00eb nj\u00eb prej pes\u00eb donator\u00ebve m\u00eb t\u00eb m\u00ebdhenj n\u00eb Kosov\u00eb.<\/p>\n<p><a href=\"https:\/\/www.swedenabroad.se\/en\/embassies\/kosovo-pristina\/\">https:\/\/www.swedenabroad.se\/en\/embassies\/kosovo-pristina\/<\/a><\/p>\n<p><a href=\"https:\/\/twitter.com\/SwedeninKosovo\">https:\/\/twitter.com\/SwedeninKosovo<\/a><\/p>\n<p><a href=\"https:\/\/www.instagram.com\/swedeninkosovo\/\">https:\/\/www.instagram.com\/swedeninkosovo\/<\/a><\/p>\n<p><a href=\"https:\/\/www.facebook.com\/EmbassyofSwedeninPristina\/\">https:\/\/www.facebook.com\/EmbassyofSwedeninPristina\/<\/a><\/p>\n<hr \/>\n<p>&nbsp;<\/p>\n<p><strong>Norvegjia<\/strong><\/p>\n<p>Ambasada Mbret\u00ebrore Norvegjeze n\u00eb Prishtin\u00eb u hap n\u00eb Tetor 2008. Ambasada \u00ebsht\u00eb gjithashtu e akredituar n\u00eb Republik\u00ebn e Shqip\u00ebris\u00eb.<\/p>\n<p>Bashk\u00ebpunimi p\u00ebr Zhvillim<\/p>\n<p>Norvegjia i ka ofruar ndihm\u00eb t\u00eb gjer\u00eb p\u00ebr zhvillim Kosov\u00ebs q\u00eb nga fundi i viteve 1990. Nd\u00ebrsa pjesa m\u00eb e madhe e ndihm\u00ebs ka qen\u00eb e natyr\u00ebs humanitare, n\u00eb lidhje me nd\u00ebrtimin pas luft\u00ebs n\u00eb Kosov\u00eb n\u00eb vitet 1998-99, Norvegjia q\u00eb nga at\u00ebher\u00eb ka mb\u00ebshtetur aktivitetet n\u00eb kuad\u00ebr t\u00eb arsimit, luftimit t\u00eb korrupsionit, sundimit t\u00eb ligjit, qeverisjes s\u00eb mir\u00eb, integrimit evropian, krijimit t\u00eb vendeve t\u00eb pun\u00ebs, mbrojtjes s\u00eb mjedisit, siguris\u00eb dhe mbrojtjes, paqes dhe pajtimit, t\u00eb drejtave t\u00eb njeriut, mediave t\u00eb pavarura, kultur\u00ebs dhe artit. Ndihma norvegjeze ka luajtur nj\u00eb rol t\u00eb ve\u00e7ant\u00eb n\u00eb p\u00ebrmir\u00ebsimin e gjendjes s\u00eb minoriteteve, grave dhje t\u00eb rinjve.<\/p>\n<p>Sot, ndihma norvegjeze p\u00ebr zhvillim n\u00eb Kosov\u00eb \u00ebsht\u00eb e orientuar n\u00eb k\u00ebto fusha: zhvillimi ekonomik, sundimi i ligjit, integrimi evropian dhe shoq\u00ebria civile.<\/p>\n<p><a href=\"https:\/\/eur02.safelinks.protection.outlook.com\/?url=https%3A%2F%2Fwww.norway.no%2Fen%2Fkosovo%2F&amp;data=02%7C01%7CEnisa.Kasemi%40helvetas.org%7C6654445b5d3c4683e6bd08d7c68e21e7%7C060d649d2c9344d28200a3eb9f3c4160%7C0%7C0%7C637196186080708024&amp;sdata=uG%2F9Mak%2B1UaybQvY2O%2B3kbA7418LGHGTvTzeKY8Xi8s%3D&amp;reserved=0\">https:\/\/www.norway.no\/en\/kosovo\/<\/a><\/p>\n<p><a href=\"https:\/\/eur02.safelinks.protection.outlook.com\/?url=https%3A%2F%2Fwww.facebook.com%2FNorwayinKosovo&amp;data=02%7C01%7CEnisa.Kasemi%40helvetas.org%7C6654445b5d3c4683e6bd08d7c68e21e7%7C060d649d2c9344d28200a3eb9f3c4160%7C0%7C0%7C637196186080718022&amp;sdata=ZyzSNPOHDQ31q9kXtDEhI4s1UzPIS0tVHGpsriDGlBc%3D&amp;reserved=0\">https:\/\/www.facebook.com\/NorwayinKosovo<\/a><\/p>\n<p><a href=\"http:\/\/helvetas-ks.org\/demos_two\/wp-content\/uploads\/2020\/03\/Grant-Agreement-.pdf\">Marr\u00ebveshje p\u00ebr grant <\/a><\/p>\n<hr \/>\n<p>&nbsp;<\/p>\n<p><strong>Partneri Zbatues<\/strong><\/p>\n<p>HELVETAS Swiss Intercooperation \u00ebsht\u00eb nj\u00eb nga organizatat m\u00eb me p\u00ebrvoj\u00eb dhe m\u00eb t\u00eb m\u00ebdha t\u00eb zhvillimit n\u00eb Zvic\u00ebr. Helvetas p\u00ebrpiqet p\u00ebr nj\u00eb bot\u00eb m\u00eb t\u00eb drejt\u00eb n\u00eb t\u00eb cil\u00ebn \u00e7do person mund t\u00eb p\u00ebrmbush\u00eb nevojat e veta themelore. Ne mb\u00ebshtesim grat\u00eb dhe burrat p\u00ebr t\u00eb marr\u00eb p\u00ebrgjegj\u00ebsin\u00eb p\u00ebr p\u00ebrmir\u00ebsimin e jetes\u00ebs s\u00eb tyre n\u00eb nj\u00eb m\u00ebnyr\u00eb t\u00eb q\u00ebndrueshme dhe duke punuar s\u00eb bashku si partner\u00eb.<\/p>\n<p><a href=\"http:\/\/www.helvetas.com\/\">www.helvetas.com<\/a><\/p>\n","protected":false},"excerpt":{"rendered":"<p>Donatori Agjencia Zvicerane p\u00ebr Zhvillim dhe Bashk\u00ebpunim (SDC) s\u00eb qeveris\u00eb zvicerane p\u00ebr bashk\u00ebpunim nd\u00ebrkomb\u00ebtar. SDC \u00ebsht\u00eb p\u00ebrgjegj\u00ebse p\u00ebr bashk\u00ebpunimin zhvillimor me Jugun dhe Lindjen, bashk\u00ebpunimin shum\u00ebpal\u00ebsh si dhe p\u00ebr ndihm\u00ebn humanitare t\u00eb Zvicr\u00ebs. Duke filluar me ndihm\u00eb humanitare n\u00eb vitin 1998, bashk\u00ebpunimi i Zvicr\u00ebs me Kosov\u00ebn gjithnj\u00eb e m\u00eb shum\u00eb [&hellip;]<\/p>\n","protected":false},"author":1,"featured_media":586,"parent":1502,"menu_order":3,"comment_status":"closed","ping_status":"closed","template":"","meta":{"footnotes":""},"class_list":["post-1531","page","type-page","status-publish","has-post-thumbnail","hentry"],"_links":{"self":[{"href":"https:\/\/helvetas-ks.org\/demos_two\/sq\/wp-json\/wp\/v2\/pages\/1531\/"}],"collection":[{"href":"https:\/\/helvetas-ks.org\/demos_two\/sq\/wp-json\/wp\/v2\/pages\/"}],"about":[{"href":"https:\/\/helvetas-ks.org\/demos_two\/sq\/wp-json\/wp\/v2\/types\/page\/"}],"author":[{"embeddable":true,"href":"https:\/\/helvetas-ks.org\/demos_two\/sq\/wp-json\/wp\/v2\/users\/1\/"}],"replies":[{"embeddable":true,"href":"https:\/\/helvetas-ks.org\/demos_two\/sq\/wp-json\/wp\/v2\/comments\/?post=1531"}],"version-history":[{"count":11,"href":"https:\/\/helvetas-ks.org\/demos_two\/sq\/wp-json\/wp\/v2\/pages\/1531\/revisions\/"}],"predecessor-version":[{"id":4736,"href":"https:\/\/helvetas-ks.org\/demos_two\/sq\/wp-json\/wp\/v2\/pages\/1531\/revisions\/4736\/"}],"up":[{"embeddable":true,"href":"https:\/\/helvetas-ks.org\/demos_two\/sq\/wp-json\/wp\/v2\/pages\/1502\/"}],"wp:featuredmedia":[{"embeddable":true,"href":"https:\/\/helvetas-ks.org\/demos_two\/sq\/wp-json\/wp\/v2\/media\/586\/"}],"wp:attachment":[{"href":"https:\/\/helvetas-ks.org\/demos_two\/sq\/wp-json\/wp\/v2\/media\/?parent=1531"}],"curies":[{"name":"wp","href":"https:\/\/api.w.org\/{rel}","templated":true}]}}