{"id":1527,"date":"2018-09-06T12:20:59","date_gmt":"2018-09-06T12:20:59","guid":{"rendered":"http:\/\/helvetas-ks.org\/demos\/?page_id=1527"},"modified":"2018-12-04T10:22:59","modified_gmt":"2018-12-04T10:22:59","slug":"me-ke-punojme-ne","status":"publish","type":"page","link":"https:\/\/helvetas-ks.org\/demos_two\/sq\/rreth-demos\/me-ke-punojme-ne\/","title":{"rendered":"Me K\u00eb Punojm\u00eb Ne?"},"content":{"rendered":"<p><strong>DEMOS<\/strong> punon ngusht\u00eb me nj\u00eb num\u00ebr partner\u00ebsh p\u00ebr t\u00eb siguruar ndikim dhe q\u00ebndrueshm\u00ebri m\u00eb t\u00eb madhe t\u00eb nd\u00ebrhyrjeve:<\/p>\n<ul>\n<li><a href=\"https:\/\/mapl.rks-gov.net\/\" target=\"_blank\" rel=\"noopener\">Ministrin\u00eb e Administrimit t\u00eb Pushtetit Lokal (MAPL), <\/a><\/li>\n<li><a href=\"http:\/\/komunat-ks.net\/?lang=sq\" target=\"_blank\" rel=\"noopener\">Asociacionin i Komunave t\u00eb Kosov\u00ebs (AKK), <\/a><\/li>\n<li><a href=\"https:\/\/mf.rks-gov.net\/page.aspx?id=1,10\" target=\"_blank\" rel=\"noopener\">Ministrin\u00eb e Financave (MF), <\/a><\/li>\n<li><a href=\"https:\/\/map.rks-gov.net\/Home.aspx?lang=sq-AL\" target=\"_blank\" rel=\"noopener\">Ministrin\u00eb e Administrat\u00ebs Publike (MAP),<\/a><\/li>\n<li><a href=\"http:\/\/www.zka-rks.org\/\" target=\"_blank\" rel=\"noopener\"> Zyr\u00ebn Komb\u00ebtare e Auditimit (ZKA).<\/a><\/li>\n<\/ul>\n<p>DEMOS ka koordinim t\u00eb ngusht\u00eb me projektet tjera q\u00eb trajtojn\u00eb \u00e7\u00ebshtje relevante, t\u00eb zbatuara nga agjencit\u00eb tjera vendore dhe nd\u00ebrkomb\u00ebtare, donator\u00ebt bilateral dhe OJQ-t\u00eb nd\u00ebrkomb\u00ebtare dhe vendore.<\/p>\n<p><strong>Komunat<\/strong><\/p>\n<p>DEMOS punon me t\u00eb gjitha 38 komunat e Kosov\u00ebs p\u00ebr t\u00eb arritur qeverisje m\u00eb demokratike lokale dhe menaxhim m\u00eb t\u00eb mir\u00eb t\u00eb komunave.<\/p>\n<p><a href=\"https:\/\/mapl.rks-gov.net\/portali-i-komunave\/\"> Linku i portalit t\u00eb komun\u00ebs<\/a><\/p>\n","protected":false},"excerpt":{"rendered":"<p>DEMOS punon ngusht\u00eb me nj\u00eb num\u00ebr partner\u00ebsh p\u00ebr t\u00eb siguruar ndikim dhe q\u00ebndrueshm\u00ebri m\u00eb t\u00eb madhe t\u00eb nd\u00ebrhyrjeve: Ministrin\u00eb e Administrimit t\u00eb Pushtetit Lokal (MAPL), Asociacionin i Komunave t\u00eb Kosov\u00ebs (AKK), Ministrin\u00eb e Financave (MF), Ministrin\u00eb e Administrat\u00ebs Publike (MAP), Zyr\u00ebn Komb\u00ebtare e Auditimit (ZKA). DEMOS ka koordinim t\u00eb ngusht\u00eb [&hellip;]<\/p>\n","protected":false},"author":1,"featured_media":2403,"parent":1502,"menu_order":2,"comment_status":"closed","ping_status":"closed","template":"","meta":{"footnotes":""},"class_list":["post-1527","page","type-page","status-publish","has-post-thumbnail","hentry"],"_links":{"self":[{"href":"https:\/\/helvetas-ks.org\/demos_two\/sq\/wp-json\/wp\/v2\/pages\/1527\/"}],"collection":[{"href":"https:\/\/helvetas-ks.org\/demos_two\/sq\/wp-json\/wp\/v2\/pages\/"}],"about":[{"href":"https:\/\/helvetas-ks.org\/demos_two\/sq\/wp-json\/wp\/v2\/types\/page\/"}],"author":[{"embeddable":true,"href":"https:\/\/helvetas-ks.org\/demos_two\/sq\/wp-json\/wp\/v2\/users\/1\/"}],"replies":[{"embeddable":true,"href":"https:\/\/helvetas-ks.org\/demos_two\/sq\/wp-json\/wp\/v2\/comments\/?post=1527"}],"version-history":[{"count":13,"href":"https:\/\/helvetas-ks.org\/demos_two\/sq\/wp-json\/wp\/v2\/pages\/1527\/revisions\/"}],"predecessor-version":[{"id":2863,"href":"https:\/\/helvetas-ks.org\/demos_two\/sq\/wp-json\/wp\/v2\/pages\/1527\/revisions\/2863\/"}],"up":[{"embeddable":true,"href":"https:\/\/helvetas-ks.org\/demos_two\/sq\/wp-json\/wp\/v2\/pages\/1502\/"}],"wp:featuredmedia":[{"embeddable":true,"href":"https:\/\/helvetas-ks.org\/demos_two\/sq\/wp-json\/wp\/v2\/media\/2403\/"}],"wp:attachment":[{"href":"https:\/\/helvetas-ks.org\/demos_two\/sq\/wp-json\/wp\/v2\/media\/?parent=1527"}],"curies":[{"name":"wp","href":"https:\/\/api.w.org\/{rel}","templated":true}]}}