{"id":1506,"date":"2018-09-06T11:44:19","date_gmt":"2018-09-06T11:44:19","guid":{"rendered":"http:\/\/helvetas-ks.org\/demos\/?page_id=1506"},"modified":"2018-09-28T09:33:19","modified_gmt":"2018-09-28T09:33:19","slug":"njihuni-me-ekipin-tone","status":"publish","type":"page","link":"https:\/\/helvetas-ks.org\/demos_two\/sq\/rreth-demos\/njihuni-me-ekipin-tone\/","title":{"rendered":"Njihuni Me Ekipin Ton\u00eb"},"content":{"rendered":"<p>Ekipi yn\u00eb i profesionist\u00ebve t\u00eb ndrysh\u00ebm t\u00eb kualifikuar vazhdimisht shtyn veten p\u00ebr t\u00eb m\u00ebsuar dhe evoluuar. Ata kontribuojn\u00eb me njohurit\u00eb dhe praktikat m\u00eb t\u00eb mira n\u00eb rrug\u00ebn drejt zbatimit t\u00eb suksessh\u00ebm t\u00eb projektit ton\u00eb.<\/p>\n","protected":false},"excerpt":{"rendered":"<p>Ekipi yn\u00eb i profesionist\u00ebve t\u00eb ndrysh\u00ebm t\u00eb kualifikuar vazhdimisht shtyn veten p\u00ebr t\u00eb m\u00ebsuar dhe evoluuar. Ata kontribuojn\u00eb me njohurit\u00eb dhe praktikat m\u00eb t\u00eb mira n\u00eb rrug\u00ebn drejt zbatimit t\u00eb suksessh\u00ebm t\u00eb projektit ton\u00eb.<\/p>\n","protected":false},"author":1,"featured_media":0,"parent":1502,"menu_order":1,"comment_status":"closed","ping_status":"closed","template":"page-templates\/team.php","meta":{"footnotes":""},"class_list":["post-1506","page","type-page","status-publish","hentry"],"_links":{"self":[{"href":"https:\/\/helvetas-ks.org\/demos_two\/sq\/wp-json\/wp\/v2\/pages\/1506\/"}],"collection":[{"href":"https:\/\/helvetas-ks.org\/demos_two\/sq\/wp-json\/wp\/v2\/pages\/"}],"about":[{"href":"https:\/\/helvetas-ks.org\/demos_two\/sq\/wp-json\/wp\/v2\/types\/page\/"}],"author":[{"embeddable":true,"href":"https:\/\/helvetas-ks.org\/demos_two\/sq\/wp-json\/wp\/v2\/users\/1\/"}],"replies":[{"embeddable":true,"href":"https:\/\/helvetas-ks.org\/demos_two\/sq\/wp-json\/wp\/v2\/comments\/?post=1506"}],"version-history":[{"count":2,"href":"https:\/\/helvetas-ks.org\/demos_two\/sq\/wp-json\/wp\/v2\/pages\/1506\/revisions\/"}],"predecessor-version":[{"id":1948,"href":"https:\/\/helvetas-ks.org\/demos_two\/sq\/wp-json\/wp\/v2\/pages\/1506\/revisions\/1948\/"}],"up":[{"embeddable":true,"href":"https:\/\/helvetas-ks.org\/demos_two\/sq\/wp-json\/wp\/v2\/pages\/1502\/"}],"wp:attachment":[{"href":"https:\/\/helvetas-ks.org\/demos_two\/sq\/wp-json\/wp\/v2\/media\/?parent=1506"}],"curies":[{"name":"wp","href":"https:\/\/api.w.org\/{rel}","templated":true}]}}