{"id":1502,"date":"2018-07-30T11:49:13","date_gmt":"2018-07-30T11:49:13","guid":{"rendered":"http:\/\/helvetas-ks.org\/demos\/about\/"},"modified":"2020-01-17T14:37:44","modified_gmt":"2020-01-17T14:37:44","slug":"rreth-demos","status":"publish","type":"page","link":"https:\/\/helvetas-ks.org\/demos_two\/sq\/rreth-demos\/","title":{"rendered":"RRETH DEMOS"},"content":{"rendered":"<p style=\"font-weight: 400;\">Projekti p\u00ebr Decentralizim dhe p\u00ebrkrahja komunave (DEMOS) \u00ebsht\u00eb projekt i Agjencis\u00eb Zvicerane p\u00ebr Zhvillim dhe Bashk\u00ebpunim (SDC), bashk\u00ebfinancuar nga Suedia dhe Norvegjia, implementuar nga HELVETAS Swiss Intercooperation-Kosovo.<\/p>\n<p>DEMOS-i p\u00ebrkrah t\u00eb gjitha komunat e Kosov\u00ebs p\u00ebr t\u00eb sjellur ndryshime sistemikeq\u00eb nxisin qeverisjen e mir\u00eb dhe ofrimin e sh\u00ebrbimeve m\u00eb t\u00eb mira q\u00eb ndikojn\u00eb pozitivisht n\u00eb jet\u00ebn e p\u00ebrditshme t\u00eb qytetar\u00ebve.<\/p>\n","protected":false},"excerpt":{"rendered":"<p>Projekti p\u00ebr Decentralizim dhe p\u00ebrkrahja komunave (DEMOS) \u00ebsht\u00eb projekt i Agjencis\u00eb Zvicerane p\u00ebr Zhvillim dhe Bashk\u00ebpunim (SDC), bashk\u00ebfinancuar nga Suedia dhe Norvegjia, implementuar nga HELVETAS Swiss Intercooperation-Kosovo. DEMOS-i p\u00ebrkrah t\u00eb gjitha komunat e Kosov\u00ebs p\u00ebr t\u00eb sjellur ndryshime sistemikeq\u00eb nxisin qeverisjen e mir\u00eb dhe ofrimin e sh\u00ebrbimeve m\u00eb t\u00eb mira [&hellip;]<\/p>\n","protected":false},"author":1,"featured_media":0,"parent":0,"menu_order":25,"comment_status":"closed","ping_status":"closed","template":"page-templates\/about.php","meta":{"footnotes":""},"class_list":["post-1502","page","type-page","status-publish","hentry"],"_links":{"self":[{"href":"https:\/\/helvetas-ks.org\/demos_two\/sq\/wp-json\/wp\/v2\/pages\/1502\/"}],"collection":[{"href":"https:\/\/helvetas-ks.org\/demos_two\/sq\/wp-json\/wp\/v2\/pages\/"}],"about":[{"href":"https:\/\/helvetas-ks.org\/demos_two\/sq\/wp-json\/wp\/v2\/types\/page\/"}],"author":[{"embeddable":true,"href":"https:\/\/helvetas-ks.org\/demos_two\/sq\/wp-json\/wp\/v2\/users\/1\/"}],"replies":[{"embeddable":true,"href":"https:\/\/helvetas-ks.org\/demos_two\/sq\/wp-json\/wp\/v2\/comments\/?post=1502"}],"version-history":[{"count":7,"href":"https:\/\/helvetas-ks.org\/demos_two\/sq\/wp-json\/wp\/v2\/pages\/1502\/revisions\/"}],"predecessor-version":[{"id":4644,"href":"https:\/\/helvetas-ks.org\/demos_two\/sq\/wp-json\/wp\/v2\/pages\/1502\/revisions\/4644\/"}],"wp:attachment":[{"href":"https:\/\/helvetas-ks.org\/demos_two\/sq\/wp-json\/wp\/v2\/media\/?parent=1502"}],"curies":[{"name":"wp","href":"https:\/\/api.w.org\/{rel}","templated":true}]}}