{"id":123,"date":"2018-07-31T13:20:00","date_gmt":"2018-07-31T13:20:00","guid":{"rendered":"http:\/\/demos.local\/?page_id=123"},"modified":"2020-01-17T11:02:15","modified_gmt":"2020-01-17T11:02:15","slug":"lajmet","status":"publish","type":"page","link":"https:\/\/helvetas-ks.org\/demos_two\/sq\/lajmet\/","title":{"rendered":"Lajmet"},"content":{"rendered":"<p>Ky seksion p\u00ebrfshin lajmet m\u00eb t\u00eb fundit n\u00eb lidhje me nd\u00ebrhyrjet e projekteve, komunikatat p\u00ebr media, ftesat p\u00ebr media, blogjet tematike dhe historit\u00eb e suksesit.<\/p>\n","protected":false},"excerpt":{"rendered":"<p>Ky seksion p\u00ebrfshin lajmet m\u00eb t\u00eb fundit n\u00eb lidhje me nd\u00ebrhyrjet e projekteve, komunikatat p\u00ebr media, ftesat p\u00ebr media, blogjet tematike dhe historit\u00eb e suksesit.<\/p>\n","protected":false},"author":1,"featured_media":0,"parent":0,"menu_order":32,"comment_status":"closed","ping_status":"closed","template":"page-templates\/news.php","meta":{"footnotes":""},"class_list":["post-123","page","type-page","status-publish","hentry"],"_links":{"self":[{"href":"https:\/\/helvetas-ks.org\/demos_two\/sq\/wp-json\/wp\/v2\/pages\/123\/"}],"collection":[{"href":"https:\/\/helvetas-ks.org\/demos_two\/sq\/wp-json\/wp\/v2\/pages\/"}],"about":[{"href":"https:\/\/helvetas-ks.org\/demos_two\/sq\/wp-json\/wp\/v2\/types\/page\/"}],"author":[{"embeddable":true,"href":"https:\/\/helvetas-ks.org\/demos_two\/sq\/wp-json\/wp\/v2\/users\/1\/"}],"replies":[{"embeddable":true,"href":"https:\/\/helvetas-ks.org\/demos_two\/sq\/wp-json\/wp\/v2\/comments\/?post=123"}],"version-history":[{"count":4,"href":"https:\/\/helvetas-ks.org\/demos_two\/sq\/wp-json\/wp\/v2\/pages\/123\/revisions\/"}],"predecessor-version":[{"id":1954,"href":"https:\/\/helvetas-ks.org\/demos_two\/sq\/wp-json\/wp\/v2\/pages\/123\/revisions\/1954\/"}],"wp:attachment":[{"href":"https:\/\/helvetas-ks.org\/demos_two\/sq\/wp-json\/wp\/v2\/media\/?parent=123"}],"curies":[{"name":"wp","href":"https:\/\/api.w.org\/{rel}","templated":true}]}}