{"id":65,"date":"2014-06-16T07:29:15","date_gmt":"2014-06-16T07:29:15","guid":{"rendered":"http:\/\/helvetas-ks.org\/demos2\/?page_id=65"},"modified":"2016-10-17T14:44:43","modified_gmt":"2016-10-17T14:44:43","slug":"reports","status":"publish","type":"page","link":"https:\/\/helvetas-ks.org\/demos_one\/publications-2\/reports\/","title":{"rendered":"Raportet"},"content":{"rendered":"<p><\/p>\n<div class=\"sdm_fancy2_item sdm_fancy2_grid\"><div class=\"sdm_fancy2_wrapper\"><div class=\"sdm_fancy2_download_item_top\"><div class=\"sdm_fancy2_download_thumbnail\"><img decoding=\"async\" class=\"sdm_fancy2_thumb_image\" src=\"http:\/\/helvetas-ks.org\/demos_one\/wp-content\/uploads\/2017\/12\/Pearl-and-Cherry.png\" alt = \"DEMOS 1E Champion Mayors Campaign on Property Tax\" \/><\/div><\/div><div class=\"sdm_fancy2_download_title\">DEMOS 1E Champion Mayors Campaign on Property Tax<\/div><div class=\"sdm_fancy2_download_link\"><a href=\"https:\/\/helvetas-ks.org\/demos_one\/?sdm_process_download=1&download_id=1940\" class=\"sdm_fancy2_download_dl_link\" target=\"_self\">Download Now!<\/a><\/div><\/div><\/div><div class=\"sdm_fancy2_item sdm_fancy2_grid\"><div class=\"sdm_fancy2_wrapper\"><div class=\"sdm_fancy2_download_item_top\"><div class=\"sdm_fancy2_download_thumbnail\"><img decoding=\"async\" class=\"sdm_fancy2_thumb_image\" src=\"http:\/\/helvetas-ks.org\/demos_one\/wp-content\/uploads\/2014\/06\/udhezuesi_lipjan.png\" alt = \"Inventorying of assets in public open spaces\" \/><\/div><\/div><div class=\"sdm_fancy2_download_title\">Inventorying of assets in public open spaces<\/div><div class=\"sdm_fancy2_download_link\"><a href=\"https:\/\/helvetas-ks.org\/demos_one\/?sdm_process_download=1&download_id=1366\" class=\"sdm_fancy2_download_dl_link\" target=\"_self\">Download Now!<\/a><\/div><\/div><\/div><div class=\"sdm_fancy2_item sdm_fancy2_grid\"><div class=\"sdm_fancy2_wrapper\"><div class=\"sdm_fancy2_download_item_top\"><div class=\"sdm_fancy2_download_thumbnail\"><img decoding=\"async\" class=\"sdm_fancy2_thumb_image\" src=\"http:\/\/helvetas-ks.org\/demos_one\/wp-content\/uploads\/2014\/06\/Plani-i-Mirembajtjes-1.png\" alt = \"Plani i Mir\u00ebmbajtjes s\u00eb Hap\u00ebsirave t\u00eb Hapura\" \/><\/div><\/div><div class=\"sdm_fancy2_download_title\">Plani i Mir\u00ebmbajtjes s\u00eb Hap\u00ebsirave t\u00eb Hapura<\/div><div class=\"sdm_fancy2_download_link\"><a href=\"https:\/\/helvetas-ks.org\/demos_one\/?sdm_process_download=1&download_id=1365\" class=\"sdm_fancy2_download_dl_link\" target=\"_self\">Download Now!<\/a><\/div><\/div><\/div><div class=\"sdm_clear_float\"><\/div><div class=\"sdm_fancy2_item sdm_fancy2_grid\"><div class=\"sdm_fancy2_wrapper\"><div class=\"sdm_fancy2_download_item_top\"><div class=\"sdm_fancy2_download_thumbnail\"><img decoding=\"async\" class=\"sdm_fancy2_thumb_image\" src=\"http:\/\/helvetas-ks.org\/demos_one\/wp-content\/uploads\/2014\/06\/Raporti-Workshop.png\" alt = \"Vjelja e Detyruar e Tatimit n\u00eb Pron\u00eb nga ana e Komunave\" \/><\/div><\/div><div class=\"sdm_fancy2_download_title\">Vjelja e Detyruar e Tatimit n\u00eb Pron\u00eb nga ana e Komunave<\/div><div class=\"sdm_fancy2_download_link\"><a href=\"https:\/\/helvetas-ks.org\/demos_one\/?sdm_process_download=1&download_id=1363\" class=\"sdm_fancy2_download_dl_link\" target=\"_self\">Download Now!<\/a><\/div><\/div><\/div><div class=\"sdm_clear_float\"><\/div>\n<p>&nbsp;<\/p>\n<p><\/p>","protected":false},"excerpt":{"rendered":"<p>&nbsp;<\/p>\n","protected":false},"author":1,"featured_media":0,"parent":61,"menu_order":30,"comment_status":"closed","ping_status":"closed","template":"","meta":{"footnotes":""},"class_list":["post-65","page","type-page","status-publish","hentry","post"],"acf":[],"_links":{"self":[{"href":"https:\/\/helvetas-ks.org\/demos_one\/wp-json\/wp\/v2\/pages\/65"}],"collection":[{"href":"https:\/\/helvetas-ks.org\/demos_one\/wp-json\/wp\/v2\/pages"}],"about":[{"href":"https:\/\/helvetas-ks.org\/demos_one\/wp-json\/wp\/v2\/types\/page"}],"author":[{"embeddable":true,"href":"https:\/\/helvetas-ks.org\/demos_one\/wp-json\/wp\/v2\/users\/1"}],"replies":[{"embeddable":true,"href":"https:\/\/helvetas-ks.org\/demos_one\/wp-json\/wp\/v2\/comments?post=65"}],"version-history":[{"count":57,"href":"https:\/\/helvetas-ks.org\/demos_one\/wp-json\/wp\/v2\/pages\/65\/revisions"}],"predecessor-version":[{"id":1374,"href":"https:\/\/helvetas-ks.org\/demos_one\/wp-json\/wp\/v2\/pages\/65\/revisions\/1374"}],"up":[{"embeddable":true,"href":"https:\/\/helvetas-ks.org\/demos_one\/wp-json\/wp\/v2\/pages\/61"}],"wp:attachment":[{"href":"https:\/\/helvetas-ks.org\/demos_one\/wp-json\/wp\/v2\/media?parent=65"}],"curies":[{"name":"wp","href":"https:\/\/api.w.org\/{rel}","templated":true}]}}