{"id":38,"date":"2011-10-10T18:53:45","date_gmt":"2011-10-10T18:53:45","guid":{"rendered":"http:\/\/intercoopkos.org\/wp\/?page_id=38"},"modified":"2013-06-05T00:17:47","modified_gmt":"2013-06-05T00:17:47","slug":"steering-committee","status":"publish","type":"page","link":"http:\/\/helvetas-ks.org\/wp\/?page_id=38","title":{"rendered":"Steering committee"},"content":{"rendered":"<p style=\"text-align: justify;\" align=\"justify\">The Steering Committee has an advisory role towards LOGOS regarding the planning, monitoring and implementation of the project. The main functions of the Steering Committee are the following:<br \/>\n&#8211;\u00a0Provide overall strategic guidance to the project;<br \/>\n&#8211;\u00a0Approve yearly plans of operations as well as (bi)annual reports;<br \/>\n&#8211;\u00a0Act as an exchange forum to ensure effective linkages between the field level practices and the national level policy making process.<br \/>\nRecommendations and advice of the Steering Committee should be made by consensus. Minority recommendations should always be noted in the minutes when requested.<\/p>\n<p style=\"text-align: justify;\">The Steering Committee is composed of representatives of the Swiss Development Cooperation (SDC), the Ministry of Local Government and Administration (MLGA) the Association of Kosovo Municipalities (AKM) and all partner municipalities. While all partner municipalities are invited to participate in the Steering Committee, they collectively represent two votes. The Steering Committee is co-chaired by SDC and MLGA as the key national stakeholders. The Secretariat for the Steering Committee is held by Intercooperation.<\/p>\n<p style=\"text-align: justify;\" align=\"justify\">In accordance with its statutes the Steering Committee shall meet twice per year, while additional meetings can be organized upon special needs and request of a Steering Committee member.<\/p>\n<p align=\"justify\"><strong><em><br \/>\nRevelant press articles<\/em><\/strong><\/p>\n<p><strong><a href=\"http:\/\/helvetas-ks.org\/wp\/wp-content\/uploads\/2013\/05\/Musmurati-Do-t\u00eb-p\u00ebrkrahen-komunat-n\u00eb-realizimin-e-projekteve.pdf\">Musmurati: Do t\u00eb p\u00ebrkrahen komunat n\u00eb realizimin e projekteve, 23.04.2013<\/a><\/strong><br \/>\n<a href=\"http:\/\/helvetas-ks.org\/logos\/press\/Basri Musmurati merr pjese ne takimin e peste drejtues te Logos-it.pdf\" target=\"_blank\"><strong>Z\u00ebvend\u00ebsministri i MAPL-s\u00eb, Basri Musmurati merr pjes\u00eb n\u00eb takimin e pest\u00eb drejtues t\u00eb LOGOS-it<\/strong><\/a>,<br \/>\n<a href=\"http:\/\/helvetas-ks.org\/logos\/press\/Odr_an peti sastanak upravnog odbora _vajcarsko-kosovska podr_ka za Lokalnu samoupravu I decentralizaciju (LOGOS) druga faza - 20.03.2012.pdf\" target=\"_blank\"><strong>Odr\u017ean peti sastanak upravnog odbora \u0160vajcarsko-kosovska podr\u0161ka za Lokalnu samoupravu I decentralizaciju (LOGOS) druga\u00a0faza<\/strong><\/a>,<br \/>\n<a href=\"http:\/\/helvetas-ks\/logos\/press\/Info press - 20 Sept 2011.pdf\" target=\"_blank\"><strong>T\u00eb k\u00ebnaqura me mb\u00ebshtetjen e projektit LOGOS, Aziz Zuka, Infopress, 20.09.2011<\/strong><\/a><\/p>\n<p align=\"justify\"><strong><em>Related Pictures<\/em><\/strong><br \/>\n[nggallery id=29]<\/p>\n","protected":false},"excerpt":{"rendered":"<p>The Steering Committee has an advisory role towards LOGOS regarding the planning, monitoring and implementation of the project. The main functions of the Steering Committee are the following: &#8211;\u00a0Provide overall strategic guidance to the project; &#8211;\u00a0Approve yearly plans of operations as well as (bi)annual reports; &#8211;\u00a0Act as an exchange forum to ensure effective linkages between [&hellip;]<\/p>\n","protected":false},"author":4,"featured_media":0,"parent":7,"menu_order":0,"comment_status":"open","ping_status":"open","template":"","meta":{"footnotes":""},"class_list":["post-38","page","type-page","status-publish","hentry"],"_links":{"self":[{"href":"http:\/\/helvetas-ks.org\/wp\/index.php?rest_route=\/wp\/v2\/pages\/38"}],"collection":[{"href":"http:\/\/helvetas-ks.org\/wp\/index.php?rest_route=\/wp\/v2\/pages"}],"about":[{"href":"http:\/\/helvetas-ks.org\/wp\/index.php?rest_route=\/wp\/v2\/types\/page"}],"author":[{"embeddable":true,"href":"http:\/\/helvetas-ks.org\/wp\/index.php?rest_route=\/wp\/v2\/users\/4"}],"replies":[{"embeddable":true,"href":"http:\/\/helvetas-ks.org\/wp\/index.php?rest_route=%2Fwp%2Fv2%2Fcomments&post=38"}],"version-history":[{"count":33,"href":"http:\/\/helvetas-ks.org\/wp\/index.php?rest_route=\/wp\/v2\/pages\/38\/revisions"}],"predecessor-version":[{"id":1857,"href":"http:\/\/helvetas-ks.org\/wp\/index.php?rest_route=\/wp\/v2\/pages\/38\/revisions\/1857"}],"up":[{"embeddable":true,"href":"http:\/\/helvetas-ks.org\/wp\/index.php?rest_route=\/wp\/v2\/pages\/7"}],"wp:attachment":[{"href":"http:\/\/helvetas-ks.org\/wp\/index.php?rest_route=%2Fwp%2Fv2%2Fmedia&parent=38"}],"curies":[{"name":"wp","href":"https:\/\/api.w.org\/{rel}","templated":true}]}}